{"id":588,"date":"2020-01-17T08:40:39","date_gmt":"2020-01-17T08:40:39","guid":{"rendered":"https:\/\/www.hotelportuense.com\/?page_id=588"},"modified":"2026-01-09T13:04:16","modified_gmt":"2026-01-09T13:04:16","slug":"hotel","status":"publish","type":"page","link":"https:\/\/www.hotelportuense.com\/de\/hotel\/","title":{"rendered":"Hotel"},"content":{"rendered":"<p data-start=\"5029\" data-end=\"5216\">Das Hotel Portuense Lisboa bietet einfachen Komfort in einer der besten Lagen der Stadt. Es befindet sich in einer lebhaften Fu\u00dfg\u00e4ngerzone mit Restaurants und Theatern, mitten im Zentrum.<\/p>\n<p data-start=\"5218\" data-end=\"5330\">G\u00e4ste sch\u00e4tzen unsere hervorragende Lage, das freundliche Personal und das sehr gute Preis-Leistungs-Verh\u00e4ltnis.<\/p>\n","protected":false},"excerpt":{"rendered":"<p>Das Hotel Portuense Lisboa bietet einfachen Komfort in einer der besten Lagen der Stadt. Es befindet sich in einer lebhaften Fu\u00dfg\u00e4ngerzone mit Restaurants und Theatern, mitten im Zentrum. G\u00e4ste sch\u00e4tzen unsere hervorragende Lage, das freundliche Personal und das sehr gute Preis-Leistungs-Verh\u00e4ltnis.<\/p>\n","protected":false},"author":63,"featured_media":0,"parent":0,"menu_order":7,"comment_status":"closed","ping_status":"closed","template":"template-hotel.php","meta":{"footnotes":""},"class_list":["post-588","page","type-page","status-publish","hentry"],"yoast_head":"<!-- This site is optimized with the Yoast SEO plugin v26.9 - https:\/\/yoast.com\/product\/yoast-seo-wordpress\/ -->\n<title>Hotel - Hotel Portuense<\/title>\n<meta name=\"robots\" content=\"index, follow, max-snippet:-1, max-image-preview:large, max-video-preview:-1\" \/>\n<link rel=\"canonical\" href=\"https:\/\/www.hotelportuense.com\/de\/hotel\/\" \/>\n<meta property=\"og:locale\" content=\"de_DE\" \/>\n<meta property=\"og:type\" content=\"article\" \/>\n<meta property=\"og:title\" content=\"Hotel - Hotel Portuense\" \/>\n<meta property=\"og:description\" content=\"Das Hotel Portuense Lisboa bietet einfachen Komfort in einer der besten Lagen der Stadt. Es befindet sich in einer lebhaften Fu\u00dfg\u00e4ngerzone mit Restaurants und Theatern, mitten im Zentrum. G\u00e4ste sch\u00e4tzen unsere hervorragende Lage, das freundliche Personal und das sehr gute Preis-Leistungs-Verh\u00e4ltnis.\" \/>\n<meta property=\"og:url\" content=\"https:\/\/www.hotelportuense.com\/de\/hotel\/\" \/>\n<meta property=\"og:site_name\" content=\"Hotel Portuense\" \/>\n<meta property=\"article:modified_time\" content=\"2026-01-09T13:04:16+00:00\" \/>\n<meta name=\"twitter:card\" content=\"summary_large_image\" \/>\n<meta name=\"twitter:label1\" content=\"Gesch\u00e4tzte Lesezeit\" \/>\n\t<meta name=\"twitter:data1\" content=\"1 Minute\" \/>\n<script type=\"application\/ld+json\" class=\"yoast-schema-graph\">{\"@context\":\"https:\/\/schema.org\",\"@graph\":[{\"@type\":\"WebPage\",\"@id\":\"https:\/\/www.hotelportuense.com\/de\/hotel\/\",\"url\":\"https:\/\/www.hotelportuense.com\/de\/hotel\/\",\"name\":\"Hotel - Hotel Portuense\",\"isPartOf\":{\"@id\":\"https:\/\/www.hotelportuense.com\/de\/#website\"},\"datePublished\":\"2020-01-17T08:40:39+00:00\",\"dateModified\":\"2026-01-09T13:04:16+00:00\",\"breadcrumb\":{\"@id\":\"https:\/\/www.hotelportuense.com\/de\/hotel\/#breadcrumb\"},\"inLanguage\":\"de-DE\",\"potentialAction\":[{\"@type\":\"ReadAction\",\"target\":[\"https:\/\/www.hotelportuense.com\/de\/hotel\/\"]}]},{\"@type\":\"BreadcrumbList\",\"@id\":\"https:\/\/www.hotelportuense.com\/de\/hotel\/#breadcrumb\",\"itemListElement\":[{\"@type\":\"ListItem\",\"position\":1,\"name\":\"Home\",\"item\":\"https:\/\/www.hotelportuense.com\/de\/\"},{\"@type\":\"ListItem\",\"position\":2,\"name\":\"Hotel\"}]},{\"@type\":\"WebSite\",\"@id\":\"https:\/\/www.hotelportuense.com\/de\/#website\",\"url\":\"https:\/\/www.hotelportuense.com\/de\/\",\"name\":\"Hotel Portuense\",\"description\":\"Just another ms.decms.eu site\",\"potentialAction\":[{\"@type\":\"SearchAction\",\"target\":{\"@type\":\"EntryPoint\",\"urlTemplate\":\"https:\/\/www.hotelportuense.com\/de\/?s={search_term_string}\"},\"query-input\":{\"@type\":\"PropertyValueSpecification\",\"valueRequired\":true,\"valueName\":\"search_term_string\"}}],\"inLanguage\":\"de-DE\"}]}<\/script>\n<!-- \/ Yoast SEO plugin. -->","yoast_head_json":{"title":"Hotel - Hotel Portuense","robots":{"index":"index","follow":"follow","max-snippet":"max-snippet:-1","max-image-preview":"max-image-preview:large","max-video-preview":"max-video-preview:-1"},"canonical":"https:\/\/www.hotelportuense.com\/de\/hotel\/","og_locale":"de_DE","og_type":"article","og_title":"Hotel - Hotel Portuense","og_description":"Das Hotel Portuense Lisboa bietet einfachen Komfort in einer der besten Lagen der Stadt. Es befindet sich in einer lebhaften Fu\u00dfg\u00e4ngerzone mit Restaurants und Theatern, mitten im Zentrum. G\u00e4ste sch\u00e4tzen unsere hervorragende Lage, das freundliche Personal und das sehr gute Preis-Leistungs-Verh\u00e4ltnis.","og_url":"https:\/\/www.hotelportuense.com\/de\/hotel\/","og_site_name":"Hotel Portuense","article_modified_time":"2026-01-09T13:04:16+00:00","twitter_card":"summary_large_image","twitter_misc":{"Gesch\u00e4tzte Lesezeit":"1 Minute"},"schema":{"@context":"https:\/\/schema.org","@graph":[{"@type":"WebPage","@id":"https:\/\/www.hotelportuense.com\/de\/hotel\/","url":"https:\/\/www.hotelportuense.com\/de\/hotel\/","name":"Hotel - Hotel Portuense","isPartOf":{"@id":"https:\/\/www.hotelportuense.com\/de\/#website"},"datePublished":"2020-01-17T08:40:39+00:00","dateModified":"2026-01-09T13:04:16+00:00","breadcrumb":{"@id":"https:\/\/www.hotelportuense.com\/de\/hotel\/#breadcrumb"},"inLanguage":"de-DE","potentialAction":[{"@type":"ReadAction","target":["https:\/\/www.hotelportuense.com\/de\/hotel\/"]}]},{"@type":"BreadcrumbList","@id":"https:\/\/www.hotelportuense.com\/de\/hotel\/#breadcrumb","itemListElement":[{"@type":"ListItem","position":1,"name":"Home","item":"https:\/\/www.hotelportuense.com\/de\/"},{"@type":"ListItem","position":2,"name":"Hotel"}]},{"@type":"WebSite","@id":"https:\/\/www.hotelportuense.com\/de\/#website","url":"https:\/\/www.hotelportuense.com\/de\/","name":"Hotel Portuense","description":"Just another ms.decms.eu site","potentialAction":[{"@type":"SearchAction","target":{"@type":"EntryPoint","urlTemplate":"https:\/\/www.hotelportuense.com\/de\/?s={search_term_string}"},"query-input":{"@type":"PropertyValueSpecification","valueRequired":true,"valueName":"search_term_string"}}],"inLanguage":"de-DE"}]}},"acf":[],"_links":{"self":[{"href":"https:\/\/www.hotelportuense.com\/de\/wp-json\/wp\/v2\/pages\/588","targetHints":{"allow":["GET"]}}],"collection":[{"href":"https:\/\/www.hotelportuense.com\/de\/wp-json\/wp\/v2\/pages"}],"about":[{"href":"https:\/\/www.hotelportuense.com\/de\/wp-json\/wp\/v2\/types\/page"}],"author":[{"embeddable":true,"href":"https:\/\/www.hotelportuense.com\/de\/wp-json\/wp\/v2\/users\/63"}],"replies":[{"embeddable":true,"href":"https:\/\/www.hotelportuense.com\/de\/wp-json\/wp\/v2\/comments?post=588"}],"version-history":[{"count":0,"href":"https:\/\/www.hotelportuense.com\/de\/wp-json\/wp\/v2\/pages\/588\/revisions"}],"wp:attachment":[{"href":"https:\/\/www.hotelportuense.com\/de\/wp-json\/wp\/v2\/media?parent=588"}],"curies":[{"name":"wp","href":"https:\/\/api.w.org\/{rel}","templated":true}]}}