{"id":592,"date":"2020-01-15T13:25:28","date_gmt":"2020-01-15T13:25:28","guid":{"rendered":"https:\/\/www.hotelportuense.com\/?page_id=592"},"modified":"2026-01-09T13:06:59","modified_gmt":"2026-01-09T13:06:59","slug":"das-doppelzimmer","status":"publish","type":"page","link":"https:\/\/www.hotelportuense.com\/de\/unsere-raeume\/das-doppelzimmer\/","title":{"rendered":"Doppelzimmer"},"content":{"rendered":"<p>Das klimatisierte Doppelzimmer ist mit einem Kleiderschrank, einem Tisch und einem Stuhl ausgestattet. Es hat ein privates Badezimmer.<\/p>\n<p>Raumfl\u00e4che 9 m\u00b2<\/p>\n<p>Bett(e) Typ(en): 1 Doppelbett f\u00fcr 2 Personen<\/p>\n<p><strong>Die Preise beinhalten<\/strong><br \/>\neinfaches Fr\u00fchst\u00fccksbuffet &#8211; Badet\u00fccher. &#8211; Duschgel, Shampoo und Seifen. &#8211; T\u00e4gliche Reinigung. &#8211; F\u00f6hn. &#8211; Weckdienst.<\/p>\n","protected":false},"excerpt":{"rendered":"<p>Das klimatisierte Doppelzimmer ist mit einem Kleiderschrank, einem Tisch und einem Stuhl ausgestattet. Es hat ein privates Badezimmer. Raumfl\u00e4che 9 m\u00b2 Bett(e) Typ(en): 1 Doppelbett f\u00fcr 2 Personen Die Preise beinhalten einfaches Fr\u00fchst\u00fccksbuffet &#8211; Badet\u00fccher. &#8211; Duschgel, Shampoo und Seifen. &#8211; T\u00e4gliche Reinigung. &#8211; F\u00f6hn. &#8211; Weckdienst.<\/p>\n","protected":false},"author":63,"featured_media":0,"parent":590,"menu_order":1,"comment_status":"closed","ping_status":"closed","template":"template-single-room.php","meta":{"footnotes":""},"class_list":["post-592","page","type-page","status-publish","hentry"],"yoast_head":"<!-- This site is optimized with the Yoast SEO plugin v26.9 - https:\/\/yoast.com\/product\/yoast-seo-wordpress\/ -->\n<title>Doppelzimmer - Hotel Portuense<\/title>\n<meta name=\"robots\" content=\"index, follow, max-snippet:-1, max-image-preview:large, max-video-preview:-1\" \/>\n<link rel=\"canonical\" href=\"https:\/\/www.hotelportuense.com\/de\/unsere-raeume\/das-doppelzimmer\/\" \/>\n<meta property=\"og:locale\" content=\"de_DE\" \/>\n<meta property=\"og:type\" content=\"article\" \/>\n<meta property=\"og:title\" content=\"Doppelzimmer - Hotel Portuense\" \/>\n<meta property=\"og:description\" content=\"Das klimatisierte Doppelzimmer ist mit einem Kleiderschrank, einem Tisch und einem Stuhl ausgestattet. Es hat ein privates Badezimmer. Raumfl\u00e4che 9 m\u00b2 Bett(e) Typ(en): 1 Doppelbett f\u00fcr 2 Personen Die Preise beinhalten einfaches Fr\u00fchst\u00fccksbuffet &#8211; Badet\u00fccher. &#8211; Duschgel, Shampoo und Seifen. &#8211; T\u00e4gliche Reinigung. &#8211; F\u00f6hn. &#8211; Weckdienst.\" \/>\n<meta property=\"og:url\" content=\"https:\/\/www.hotelportuense.com\/de\/unsere-raeume\/das-doppelzimmer\/\" \/>\n<meta property=\"og:site_name\" content=\"Hotel Portuense\" \/>\n<meta property=\"article:modified_time\" content=\"2026-01-09T13:06:59+00:00\" \/>\n<meta name=\"twitter:card\" content=\"summary_large_image\" \/>\n<meta name=\"twitter:label1\" content=\"Gesch\u00e4tzte Lesezeit\" \/>\n\t<meta name=\"twitter:data1\" content=\"1 Minute\" \/>\n<script type=\"application\/ld+json\" class=\"yoast-schema-graph\">{\"@context\":\"https:\/\/schema.org\",\"@graph\":[{\"@type\":\"WebPage\",\"@id\":\"https:\/\/www.hotelportuense.com\/de\/unsere-raeume\/das-doppelzimmer\/\",\"url\":\"https:\/\/www.hotelportuense.com\/de\/unsere-raeume\/das-doppelzimmer\/\",\"name\":\"Doppelzimmer - Hotel Portuense\",\"isPartOf\":{\"@id\":\"https:\/\/www.hotelportuense.com\/de\/#website\"},\"datePublished\":\"2020-01-15T13:25:28+00:00\",\"dateModified\":\"2026-01-09T13:06:59+00:00\",\"breadcrumb\":{\"@id\":\"https:\/\/www.hotelportuense.com\/de\/unsere-raeume\/das-doppelzimmer\/#breadcrumb\"},\"inLanguage\":\"de-DE\",\"potentialAction\":[{\"@type\":\"ReadAction\",\"target\":[\"https:\/\/www.hotelportuense.com\/de\/unsere-raeume\/das-doppelzimmer\/\"]}]},{\"@type\":\"BreadcrumbList\",\"@id\":\"https:\/\/www.hotelportuense.com\/de\/unsere-raeume\/das-doppelzimmer\/#breadcrumb\",\"itemListElement\":[{\"@type\":\"ListItem\",\"position\":1,\"name\":\"Home\",\"item\":\"https:\/\/www.hotelportuense.com\/de\/\"},{\"@type\":\"ListItem\",\"position\":2,\"name\":\"Zimmer\",\"item\":\"https:\/\/www.hotelportuense.com\/de\/unsere-raeume\/\"},{\"@type\":\"ListItem\",\"position\":3,\"name\":\"Doppelzimmer\"}]},{\"@type\":\"WebSite\",\"@id\":\"https:\/\/www.hotelportuense.com\/de\/#website\",\"url\":\"https:\/\/www.hotelportuense.com\/de\/\",\"name\":\"Hotel Portuense\",\"description\":\"Just another ms.decms.eu site\",\"potentialAction\":[{\"@type\":\"SearchAction\",\"target\":{\"@type\":\"EntryPoint\",\"urlTemplate\":\"https:\/\/www.hotelportuense.com\/de\/?s={search_term_string}\"},\"query-input\":{\"@type\":\"PropertyValueSpecification\",\"valueRequired\":true,\"valueName\":\"search_term_string\"}}],\"inLanguage\":\"de-DE\"}]}<\/script>\n<!-- \/ Yoast SEO plugin. -->","yoast_head_json":{"title":"Doppelzimmer - Hotel Portuense","robots":{"index":"index","follow":"follow","max-snippet":"max-snippet:-1","max-image-preview":"max-image-preview:large","max-video-preview":"max-video-preview:-1"},"canonical":"https:\/\/www.hotelportuense.com\/de\/unsere-raeume\/das-doppelzimmer\/","og_locale":"de_DE","og_type":"article","og_title":"Doppelzimmer - Hotel Portuense","og_description":"Das klimatisierte Doppelzimmer ist mit einem Kleiderschrank, einem Tisch und einem Stuhl ausgestattet. Es hat ein privates Badezimmer. Raumfl\u00e4che 9 m\u00b2 Bett(e) Typ(en): 1 Doppelbett f\u00fcr 2 Personen Die Preise beinhalten einfaches Fr\u00fchst\u00fccksbuffet &#8211; Badet\u00fccher. &#8211; Duschgel, Shampoo und Seifen. &#8211; T\u00e4gliche Reinigung. &#8211; F\u00f6hn. &#8211; Weckdienst.","og_url":"https:\/\/www.hotelportuense.com\/de\/unsere-raeume\/das-doppelzimmer\/","og_site_name":"Hotel Portuense","article_modified_time":"2026-01-09T13:06:59+00:00","twitter_card":"summary_large_image","twitter_misc":{"Gesch\u00e4tzte Lesezeit":"1 Minute"},"schema":{"@context":"https:\/\/schema.org","@graph":[{"@type":"WebPage","@id":"https:\/\/www.hotelportuense.com\/de\/unsere-raeume\/das-doppelzimmer\/","url":"https:\/\/www.hotelportuense.com\/de\/unsere-raeume\/das-doppelzimmer\/","name":"Doppelzimmer - Hotel Portuense","isPartOf":{"@id":"https:\/\/www.hotelportuense.com\/de\/#website"},"datePublished":"2020-01-15T13:25:28+00:00","dateModified":"2026-01-09T13:06:59+00:00","breadcrumb":{"@id":"https:\/\/www.hotelportuense.com\/de\/unsere-raeume\/das-doppelzimmer\/#breadcrumb"},"inLanguage":"de-DE","potentialAction":[{"@type":"ReadAction","target":["https:\/\/www.hotelportuense.com\/de\/unsere-raeume\/das-doppelzimmer\/"]}]},{"@type":"BreadcrumbList","@id":"https:\/\/www.hotelportuense.com\/de\/unsere-raeume\/das-doppelzimmer\/#breadcrumb","itemListElement":[{"@type":"ListItem","position":1,"name":"Home","item":"https:\/\/www.hotelportuense.com\/de\/"},{"@type":"ListItem","position":2,"name":"Zimmer","item":"https:\/\/www.hotelportuense.com\/de\/unsere-raeume\/"},{"@type":"ListItem","position":3,"name":"Doppelzimmer"}]},{"@type":"WebSite","@id":"https:\/\/www.hotelportuense.com\/de\/#website","url":"https:\/\/www.hotelportuense.com\/de\/","name":"Hotel Portuense","description":"Just another ms.decms.eu site","potentialAction":[{"@type":"SearchAction","target":{"@type":"EntryPoint","urlTemplate":"https:\/\/www.hotelportuense.com\/de\/?s={search_term_string}"},"query-input":{"@type":"PropertyValueSpecification","valueRequired":true,"valueName":"search_term_string"}}],"inLanguage":"de-DE"}]}},"acf":[],"_links":{"self":[{"href":"https:\/\/www.hotelportuense.com\/de\/wp-json\/wp\/v2\/pages\/592","targetHints":{"allow":["GET"]}}],"collection":[{"href":"https:\/\/www.hotelportuense.com\/de\/wp-json\/wp\/v2\/pages"}],"about":[{"href":"https:\/\/www.hotelportuense.com\/de\/wp-json\/wp\/v2\/types\/page"}],"author":[{"embeddable":true,"href":"https:\/\/www.hotelportuense.com\/de\/wp-json\/wp\/v2\/users\/63"}],"replies":[{"embeddable":true,"href":"https:\/\/www.hotelportuense.com\/de\/wp-json\/wp\/v2\/comments?post=592"}],"version-history":[{"count":0,"href":"https:\/\/www.hotelportuense.com\/de\/wp-json\/wp\/v2\/pages\/592\/revisions"}],"up":[{"embeddable":true,"href":"https:\/\/www.hotelportuense.com\/de\/wp-json\/wp\/v2\/pages\/590"}],"wp:attachment":[{"href":"https:\/\/www.hotelportuense.com\/de\/wp-json\/wp\/v2\/media?parent=592"}],"curies":[{"name":"wp","href":"https:\/\/api.w.org\/{rel}","templated":true}]}}