{"id":594,"date":"2020-01-15T13:28:42","date_gmt":"2020-01-15T13:28:42","guid":{"rendered":"https:\/\/www.hotelportuense.com\/?page_id=594"},"modified":"2026-01-09T13:07:42","modified_gmt":"2026-01-09T13:07:42","slug":"dreibettzimmer","status":"publish","type":"page","link":"https:\/\/www.hotelportuense.com\/de\/unsere-raeume\/dreibettzimmer\/","title":{"rendered":"Dreibettzimmer"},"content":{"rendered":"<p>Das klimatisierte Dreibettzimmer ist mit einem Kleiderschrank, einem Tisch und einem Stuhl ausgestattet. Es hat ein privates Badezimmer.<\/p>\n<p>Raumfl\u00e4che 13 m\u00b2<\/p>\n<p>Art(en) der Betten: 3 Einzelbetten f\u00fcr 3 Personen<\/p>\n<p><strong>Die Preise beinhalten<\/strong><br \/>\neinfaches Fr\u00fchst\u00fccksbuffet &#8211; Badet\u00fccher. &#8211; Duschgel, Shampoo und Seifen. &#8211; T\u00e4gliche Reinigung. &#8211; F\u00f6hn. &#8211; Weckdienst.<\/p>\n","protected":false},"excerpt":{"rendered":"<p>Das klimatisierte Dreibettzimmer ist mit einem Kleiderschrank, einem Tisch und einem Stuhl ausgestattet. Es hat ein privates Badezimmer. Raumfl\u00e4che 13 m\u00b2 Art(en) der Betten: 3 Einzelbetten f\u00fcr 3 Personen Die Preise beinhalten einfaches Fr\u00fchst\u00fccksbuffet &#8211; Badet\u00fccher. &#8211; Duschgel, Shampoo und Seifen. &#8211; T\u00e4gliche Reinigung. &#8211; F\u00f6hn. &#8211; Weckdienst.<\/p>\n","protected":false},"author":63,"featured_media":0,"parent":590,"menu_order":3,"comment_status":"closed","ping_status":"closed","template":"template-single-room.php","meta":{"footnotes":""},"class_list":["post-594","page","type-page","status-publish","hentry"],"yoast_head":"<!-- This site is optimized with the Yoast SEO plugin v26.9 - https:\/\/yoast.com\/product\/yoast-seo-wordpress\/ -->\n<title>Dreibettzimmer - Hotel Portuense<\/title>\n<meta name=\"robots\" content=\"index, follow, max-snippet:-1, max-image-preview:large, max-video-preview:-1\" \/>\n<link rel=\"canonical\" href=\"https:\/\/www.hotelportuense.com\/de\/unsere-raeume\/dreibettzimmer\/\" \/>\n<meta property=\"og:locale\" content=\"de_DE\" \/>\n<meta property=\"og:type\" content=\"article\" \/>\n<meta property=\"og:title\" content=\"Dreibettzimmer - Hotel Portuense\" \/>\n<meta property=\"og:description\" content=\"Das klimatisierte Dreibettzimmer ist mit einem Kleiderschrank, einem Tisch und einem Stuhl ausgestattet. Es hat ein privates Badezimmer. Raumfl\u00e4che 13 m\u00b2 Art(en) der Betten: 3 Einzelbetten f\u00fcr 3 Personen Die Preise beinhalten einfaches Fr\u00fchst\u00fccksbuffet &#8211; Badet\u00fccher. &#8211; Duschgel, Shampoo und Seifen. &#8211; T\u00e4gliche Reinigung. &#8211; F\u00f6hn. &#8211; Weckdienst.\" \/>\n<meta property=\"og:url\" content=\"https:\/\/www.hotelportuense.com\/de\/unsere-raeume\/dreibettzimmer\/\" \/>\n<meta property=\"og:site_name\" content=\"Hotel Portuense\" \/>\n<meta property=\"article:modified_time\" content=\"2026-01-09T13:07:42+00:00\" \/>\n<meta name=\"twitter:card\" content=\"summary_large_image\" \/>\n<meta name=\"twitter:label1\" content=\"Gesch\u00e4tzte Lesezeit\" \/>\n\t<meta name=\"twitter:data1\" content=\"1 Minute\" \/>\n<script type=\"application\/ld+json\" class=\"yoast-schema-graph\">{\"@context\":\"https:\/\/schema.org\",\"@graph\":[{\"@type\":\"WebPage\",\"@id\":\"https:\/\/www.hotelportuense.com\/de\/unsere-raeume\/dreibettzimmer\/\",\"url\":\"https:\/\/www.hotelportuense.com\/de\/unsere-raeume\/dreibettzimmer\/\",\"name\":\"Dreibettzimmer - Hotel Portuense\",\"isPartOf\":{\"@id\":\"https:\/\/www.hotelportuense.com\/de\/#website\"},\"datePublished\":\"2020-01-15T13:28:42+00:00\",\"dateModified\":\"2026-01-09T13:07:42+00:00\",\"breadcrumb\":{\"@id\":\"https:\/\/www.hotelportuense.com\/de\/unsere-raeume\/dreibettzimmer\/#breadcrumb\"},\"inLanguage\":\"de-DE\",\"potentialAction\":[{\"@type\":\"ReadAction\",\"target\":[\"https:\/\/www.hotelportuense.com\/de\/unsere-raeume\/dreibettzimmer\/\"]}]},{\"@type\":\"BreadcrumbList\",\"@id\":\"https:\/\/www.hotelportuense.com\/de\/unsere-raeume\/dreibettzimmer\/#breadcrumb\",\"itemListElement\":[{\"@type\":\"ListItem\",\"position\":1,\"name\":\"Home\",\"item\":\"https:\/\/www.hotelportuense.com\/de\/\"},{\"@type\":\"ListItem\",\"position\":2,\"name\":\"Zimmer\",\"item\":\"https:\/\/www.hotelportuense.com\/de\/unsere-raeume\/\"},{\"@type\":\"ListItem\",\"position\":3,\"name\":\"Dreibettzimmer\"}]},{\"@type\":\"WebSite\",\"@id\":\"https:\/\/www.hotelportuense.com\/de\/#website\",\"url\":\"https:\/\/www.hotelportuense.com\/de\/\",\"name\":\"Hotel Portuense\",\"description\":\"Just another ms.decms.eu site\",\"potentialAction\":[{\"@type\":\"SearchAction\",\"target\":{\"@type\":\"EntryPoint\",\"urlTemplate\":\"https:\/\/www.hotelportuense.com\/de\/?s={search_term_string}\"},\"query-input\":{\"@type\":\"PropertyValueSpecification\",\"valueRequired\":true,\"valueName\":\"search_term_string\"}}],\"inLanguage\":\"de-DE\"}]}<\/script>\n<!-- \/ Yoast SEO plugin. -->","yoast_head_json":{"title":"Dreibettzimmer - Hotel Portuense","robots":{"index":"index","follow":"follow","max-snippet":"max-snippet:-1","max-image-preview":"max-image-preview:large","max-video-preview":"max-video-preview:-1"},"canonical":"https:\/\/www.hotelportuense.com\/de\/unsere-raeume\/dreibettzimmer\/","og_locale":"de_DE","og_type":"article","og_title":"Dreibettzimmer - Hotel Portuense","og_description":"Das klimatisierte Dreibettzimmer ist mit einem Kleiderschrank, einem Tisch und einem Stuhl ausgestattet. Es hat ein privates Badezimmer. Raumfl\u00e4che 13 m\u00b2 Art(en) der Betten: 3 Einzelbetten f\u00fcr 3 Personen Die Preise beinhalten einfaches Fr\u00fchst\u00fccksbuffet &#8211; Badet\u00fccher. &#8211; Duschgel, Shampoo und Seifen. &#8211; T\u00e4gliche Reinigung. &#8211; F\u00f6hn. &#8211; Weckdienst.","og_url":"https:\/\/www.hotelportuense.com\/de\/unsere-raeume\/dreibettzimmer\/","og_site_name":"Hotel Portuense","article_modified_time":"2026-01-09T13:07:42+00:00","twitter_card":"summary_large_image","twitter_misc":{"Gesch\u00e4tzte Lesezeit":"1 Minute"},"schema":{"@context":"https:\/\/schema.org","@graph":[{"@type":"WebPage","@id":"https:\/\/www.hotelportuense.com\/de\/unsere-raeume\/dreibettzimmer\/","url":"https:\/\/www.hotelportuense.com\/de\/unsere-raeume\/dreibettzimmer\/","name":"Dreibettzimmer - Hotel Portuense","isPartOf":{"@id":"https:\/\/www.hotelportuense.com\/de\/#website"},"datePublished":"2020-01-15T13:28:42+00:00","dateModified":"2026-01-09T13:07:42+00:00","breadcrumb":{"@id":"https:\/\/www.hotelportuense.com\/de\/unsere-raeume\/dreibettzimmer\/#breadcrumb"},"inLanguage":"de-DE","potentialAction":[{"@type":"ReadAction","target":["https:\/\/www.hotelportuense.com\/de\/unsere-raeume\/dreibettzimmer\/"]}]},{"@type":"BreadcrumbList","@id":"https:\/\/www.hotelportuense.com\/de\/unsere-raeume\/dreibettzimmer\/#breadcrumb","itemListElement":[{"@type":"ListItem","position":1,"name":"Home","item":"https:\/\/www.hotelportuense.com\/de\/"},{"@type":"ListItem","position":2,"name":"Zimmer","item":"https:\/\/www.hotelportuense.com\/de\/unsere-raeume\/"},{"@type":"ListItem","position":3,"name":"Dreibettzimmer"}]},{"@type":"WebSite","@id":"https:\/\/www.hotelportuense.com\/de\/#website","url":"https:\/\/www.hotelportuense.com\/de\/","name":"Hotel Portuense","description":"Just another ms.decms.eu site","potentialAction":[{"@type":"SearchAction","target":{"@type":"EntryPoint","urlTemplate":"https:\/\/www.hotelportuense.com\/de\/?s={search_term_string}"},"query-input":{"@type":"PropertyValueSpecification","valueRequired":true,"valueName":"search_term_string"}}],"inLanguage":"de-DE"}]}},"acf":[],"_links":{"self":[{"href":"https:\/\/www.hotelportuense.com\/de\/wp-json\/wp\/v2\/pages\/594","targetHints":{"allow":["GET"]}}],"collection":[{"href":"https:\/\/www.hotelportuense.com\/de\/wp-json\/wp\/v2\/pages"}],"about":[{"href":"https:\/\/www.hotelportuense.com\/de\/wp-json\/wp\/v2\/types\/page"}],"author":[{"embeddable":true,"href":"https:\/\/www.hotelportuense.com\/de\/wp-json\/wp\/v2\/users\/63"}],"replies":[{"embeddable":true,"href":"https:\/\/www.hotelportuense.com\/de\/wp-json\/wp\/v2\/comments?post=594"}],"version-history":[{"count":0,"href":"https:\/\/www.hotelportuense.com\/de\/wp-json\/wp\/v2\/pages\/594\/revisions"}],"up":[{"embeddable":true,"href":"https:\/\/www.hotelportuense.com\/de\/wp-json\/wp\/v2\/pages\/590"}],"wp:attachment":[{"href":"https:\/\/www.hotelportuense.com\/de\/wp-json\/wp\/v2\/media?parent=594"}],"curies":[{"name":"wp","href":"https:\/\/api.w.org\/{rel}","templated":true}]}}