{"id":740,"date":"2020-06-04T15:13:17","date_gmt":"2020-06-04T15:13:17","guid":{"rendered":"https:\/\/www.hotelportuense.com\/?page_id=740"},"modified":"2020-06-06T13:13:20","modified_gmt":"2020-06-06T13:13:20","slug":"clean-safe-versiegelung","status":"publish","type":"page","link":"https:\/\/www.hotelportuense.com\/de\/clean-safe-versiegelung\/","title":{"rendered":"Clean &amp; Safe Versiegelung"},"content":{"rendered":"<h1 style=\"text-align: center\">Verpflichtungserkl\u00e4rung<\/h1>\n<p style=\"text-align: center\">Touristische Entwicklung \u2013 Hotel Portuense mit RNET n\u00ba 6550<\/p>\n<p><img loading=\"lazy\" decoding=\"async\" class=\"size-medium wp-image-731 aligncenter\" src=\"https:\/\/www.hotelportuense.com\/wp-content\/uploads\/sites\/41\/2020\/06\/TDP_AS_Print_Original-300x300.png\" alt=\"\" width=\"300\" height=\"300\" srcset=\"https:\/\/www.hotelportuense.com\/wp-content\/uploads\/sites\/41\/2020\/06\/TDP_AS_Print_Original-300x300.png 300w, https:\/\/www.hotelportuense.com\/wp-content\/uploads\/sites\/41\/2020\/06\/TDP_AS_Print_Original-1024x1024.png 1024w, https:\/\/www.hotelportuense.com\/wp-content\/uploads\/sites\/41\/2020\/06\/TDP_AS_Print_Original-150x150.png 150w, https:\/\/www.hotelportuense.com\/wp-content\/uploads\/sites\/41\/2020\/06\/TDP_AS_Print_Original-768x768.png 768w, https:\/\/www.hotelportuense.com\/wp-content\/uploads\/sites\/41\/2020\/06\/TDP_AS_Print_Original-600x600.png 600w, https:\/\/www.hotelportuense.com\/wp-content\/uploads\/sites\/41\/2020\/06\/TDP_AS_Print_Original.png 1200w\" sizes=\"auto, (max-width: 300px) 100vw, 300px\" \/><\/p>\n<h2 style=\"text-align: center\">Die bis zum 30. April 2021 g\u00fcltige Erkl\u00e4rung &#8222;Gesunde und Sichere Einrichtung&#8220; ist ordnungsgem\u00e4\u00df registriert.<\/h2>\n<p>Die Vorlage dieser Erkl\u00e4rung ergibt sich aus der Verpflichtung, dass alle unten genannten Anforderungen vom Hotel Portuense Establishment in vollem Umfang validiert werden.<\/p>\n<h2>Schulung f\u00fcr alle Mitarbeiter<\/h2>\n<ul>\n<li>Alle Mitarbeiter haben spezifische Informationen und\/oder Schulungen erhalten:\n<ul>\n<li>Internes Protokoll \u00fcber den Ausbruch des Coronavirus COVID-19.<\/li>\n<li>Wie man grundlegende Vorsichtsma\u00dfnahmen zur Infektionsvorbeugung und -kontrolle im Zusammenhang mit dem Ausbruch des COVID-19-Coronavirus einh\u00e4lt, einschlie\u00dflich Verfahren:\n<ul>\n<li>Handhygiene: Waschen Sie Ihre H\u00e4nde h\u00e4ufig mindestens 20 Sekunden lang mit Wasser und Seife oder verwenden Sie ein Desinfektionsmittel f\u00fcr die H\u00e4nde, das mindestens 70% Alkohol enth\u00e4lt, wobei alle Oberfl\u00e4chen der H\u00e4nde bedeckt und trocken gerieben werden m\u00fcssen.<\/li>\n<li>Atemschutzetikett: Husten oder Niesen in den gebeugten Unterarm oder Verwendung eines Gewebes, das dann sofort weggeworfen werden sollte; Reinigen Sie Ihre H\u00e4nde immer nach dem Husten oder Niesen und nach dem Pusten; Vermeiden Sie es, Augen, Nase und Mund mit den H\u00e4nden zu ber\u00fchren.<\/li>\n<li>Sozialverhalten: \u00c4nderung der H\u00e4ufigkeit und Form von Kontakten zwischen Arbeitnehmern sowie zwischen Arbeitnehmern und Kunden, Vermeidung (soweit m\u00f6glich) von engem Kontakt, H\u00e4ndesch\u00fctteln, K\u00fcssen, gemeinsamen Arbeitspl\u00e4tzen, pers\u00f6nlichen Treffen und dem Teilen von Essen, Utensilien, Tassen und Handt\u00fcchern.<\/li>\n<\/ul>\n<\/li>\n<li>Wie man die t\u00e4gliche Selbstkontrolle zur Fieberbeurteilung (Messung der K\u00f6rpertemperatur und Aufzeichnung des Messwerts und des Messzeitpunkts), Hustenkontrolle oder Atembeschwerden durchf\u00fchrt.<\/li>\n<li>Wie man die Richtlinien der Generaldirektion Gesundheit f\u00fcr die Oberfl\u00e4chenreinigung und W\u00e4schebehandlung in Betrieben einh\u00e4lt.<\/li>\n<\/ul>\n<\/li>\n<\/ul>\n<h2>Informationen f\u00fcr alle Kunden<\/h2>\n<ul>\n<li>Die folgenden Informationen stehen allen Kunden zur Verf\u00fcgung:\n<ul>\n<li>Wie man grundlegende Vorsichtsma\u00dfnahmen zur Infektionspr\u00e4vention und -kontrolle im Zusammenhang mit dem Ausbruch des COVID-19-Coronavirus einh\u00e4lt.<\/li>\n<li>Wie lautet das interne Protokoll f\u00fcr den Ausbruch des Coronavirus COVID-19.<\/li>\n<\/ul>\n<\/li>\n<\/ul>\n<h2>Die Einrichtung hat<\/h2>\n<ul>\n<li>Gen\u00fcgend pers\u00f6nliche Schutzausr\u00fcstung f\u00fcr alle Arbeitnehmer.<\/li>\n<li>Pers\u00f6nliche Schutzausr\u00fcstung f\u00fcr Kunden verf\u00fcgbar (maximale Kapazit\u00e4t der Einrichtung).<\/li>\n<li>Lagerbestand an Einweg-Reinigungsmaterialien entsprechend ihrer Abmessungen, einschlie\u00dflich Einweg-Reinigungst\u00fccher, die mit Desinfektionsmittel, Bleichmittel und Alkohol bei 70\u00ba befeuchtet sind.<\/li>\n<li>Spender von antiseptischen L\u00f6sungen auf Alkoholbasis oder von L\u00f6sungen auf Alkoholbasis in der N\u00e4he der Eingangs-\/Ausgangsstellen und gegebenenfalls pro Stockwerk, am Eingang des Restaurants, der Bar und der gemeinsamen Sanit\u00e4ranlagen.<\/li>\n<li>Abfallbeh\u00e4lter mit nicht-manueller \u00d6ffnung und Plastikbeutel.<\/li>\n<li>Ort zur Isolierung von Personen, die als Verdachtsf\u00e4lle oder best\u00e4tigte F\u00e4lle von VOCID-19 erkannt werden k\u00f6nnten, der vorzugsweise \u00fcber eine nat\u00fcrliche Bel\u00fcftung oder ein mechanisches Bel\u00fcftungssystem verf\u00fcgen sollte und glatte und waschbare Beschichtungen, ein Badezimmer, einen Vorrat an Reinigungsmaterialien, chirurgische Masken und Einweghandschuhe, ein Thermometer, einen geschlossenen Abfallbeh\u00e4lter, Abfallbeutel, gebrauchte W\u00e4sches\u00e4cke, ein Kit mit Wasser und einige nicht verderbliche Lebensmittel haben sollte.<\/li>\n<li>In sanit\u00e4ren Einrichtungen Handwascheinrichtungen mit fl\u00fcssiger Seife und Papierhandt\u00fcchern.<\/li>\n<\/ul>\n<h2>Die Einrichtung gew\u00e4hrleistet<\/h2>\n<ul>\n<li>Reinigung und Desinfektion der Oberfl\u00e4chen, auf denen Mitarbeiter und Kunden zirkulieren, gem\u00e4\u00df dem internen Protokoll gew\u00e4hrleistung der Kontrolle und Pr\u00e4vention von Infektionen und der Resistenz gegen antimikrobielle Mittel.<\/li>\n<li>Mehrmals t\u00e4glich Reinigung von Oberfl\u00e4chen und Gegenst\u00e4nden des t\u00e4glichen Gebrauchs (einschlie\u00dflich Theken, Licht- und Hebeschalter, Griffe, Schrankgriffe).<\/li>\n<li>Die Nassreinigung wird der Trockenreinigung und dem Staubsaugen vorgezogen.<\/li>\n<li>Die Lufterneuerung in den R\u00e4umen und geschlossenen R\u00e4umen wird regelm\u00e4\u00dfig durchgef\u00fchrt.<\/li>\n<li>Die Desinfektion des Pools oder anderer vorhandener Ger\u00e4te in SPAs\/Wellnessbereichen (sofern vorhanden) wird gem\u00e4\u00df dem internen Protokoll durchgef\u00fchrt.<\/li>\n<li>Die Desinfektion des Whirlpools (sofern ein solcher vorhanden ist) erfolgt regelm\u00e4\u00dfig mit dem Ablassen des gesamten Wassers, gefolgt von Waschen und Desinfektion; danach wird er mit sauberem Wasser gef\u00fcllt und mit Chlor in der entsprechenden Menge gem\u00e4\u00df dem internen Protokoll desinfiziert.<\/li>\n<li>Im Lebensmittel- und Getr\u00e4nkebereich wird die Verst\u00e4rkung der Hygiene von Utensilien, Ger\u00e4ten und Oberfl\u00e4chen sowie die direkte Handhabung von Lebensmitteln durch Kunden und Mitarbeiter so weit wie m\u00f6glich vermieden.<\/li>\n<\/ul>\n<h2>Das Reinigungs und Sanit\u00e4rprotokoll garantiert<\/h2>\n<ul>\n<li>Die Definition der spezifischen Pflege f\u00fcr das Wechseln der Bettw\u00e4sche und die Reinigung in den Zimmern, wobei zwei Interventionszeiten im Abstand und mit angemessenem Schutz gem\u00e4\u00df dem internen Protokoll bevorzugt werden.<\/li>\n<li>Die Entnahme von Bettw\u00e4sche und Handt\u00fcchern, die ohne Sch\u00fctteln oder Sch\u00fctteln gemacht werden, indem sie nach innen gerollt werden, ohne den K\u00f6rper zu ber\u00fchren, und direkt zur Waschmaschine getragen werden.<\/li>\n<li>Getrenntes Waschen der Uniformen der Besch\u00e4ftigten und der Bettw\u00e4sche\/Baumwolle (ca. 60\u00baC) in der Maschine und bei hohen Temperaturen.<\/li>\n<\/ul>\n<h2>Die Operation gew\u00e4hrleistet<\/h2>\n<ul>\n<li>Dass es immer einen Mitarbeiter gibt, der f\u00fcr die Ausl\u00f6sung der Verfahren bei Infektionsverdacht zust\u00e4ndig ist (Begleitung der symptomatischen Person in den Isolationsraum, Bereitstellung der erforderlichen Hilfe und Kontaktaufnahme mit dem nationalen Gesundheitsdienst).<\/li>\n<li>Dekontamination des Isolationsbereichs, wenn es positive Infektionsf\u00e4lle gibt, und Verst\u00e4rkung der Reinigung und Desinfektion, wenn es Patienten gibt, bei denen ein Infektionsverdacht besteht, insbesondere auf den von der DGS angegebenen Oberfl\u00e4chen, die von der DGS h\u00e4ufig behandelt und am h\u00e4ufigsten benutzt werden.<\/li>\n<li>Die Lagerung der von infektionsverd\u00e4chtigen Patienten produzierten Abf\u00e4lle in einem Plastikbeutel, der nach dem Verschlie\u00dfen (z.B. mit einer Klemme) getrennt und an einen zugelassenen Betreiber f\u00fcr die Entsorgung von Krankenhausabf\u00e4llen mit biologischem Risiko geschickt werden muss.<\/li>\n<\/ul>\n","protected":false},"excerpt":{"rendered":"<p>Verpflichtungserkl\u00e4rung Touristische Entwicklung \u2013 Hotel Portuense mit RNET n\u00ba 6550 Die bis zum 30. April 2021 g\u00fcltige Erkl\u00e4rung &#8222;Gesunde und Sichere Einrichtung&#8220; ist ordnungsgem\u00e4\u00df registriert. Die Vorlage dieser Erkl\u00e4rung ergibt sich aus der Verpflichtung, dass alle unten genannten Anforderungen vom Hotel Portuense Establishment in vollem Umfang validiert werden. Schulung f\u00fcr alle Mitarbeiter Alle Mitarbeiter haben [&hellip;]<\/p>\n","protected":false},"author":63,"featured_media":717,"parent":0,"menu_order":0,"comment_status":"closed","ping_status":"closed","template":"","meta":{"footnotes":""},"class_list":["post-740","page","type-page","status-publish","has-post-thumbnail","hentry"],"yoast_head":"<!-- This site is optimized with the Yoast SEO plugin v26.9 - https:\/\/yoast.com\/product\/yoast-seo-wordpress\/ -->\n<title>Clean &amp; Safe Versiegelung - Hotel Portuense<\/title>\n<meta name=\"robots\" content=\"index, follow, max-snippet:-1, max-image-preview:large, max-video-preview:-1\" \/>\n<link rel=\"canonical\" href=\"https:\/\/www.hotelportuense.com\/de\/clean-safe-versiegelung\/\" \/>\n<meta property=\"og:locale\" content=\"de_DE\" \/>\n<meta property=\"og:type\" content=\"article\" \/>\n<meta property=\"og:title\" content=\"Clean &amp; Safe Versiegelung - Hotel Portuense\" \/>\n<meta property=\"og:description\" content=\"Verpflichtungserkl\u00e4rung Touristische Entwicklung \u2013 Hotel Portuense mit RNET n\u00ba 6550 Die bis zum 30. April 2021 g\u00fcltige Erkl\u00e4rung &#8222;Gesunde und Sichere Einrichtung&#8220; ist ordnungsgem\u00e4\u00df registriert. Die Vorlage dieser Erkl\u00e4rung ergibt sich aus der Verpflichtung, dass alle unten genannten Anforderungen vom Hotel Portuense Establishment in vollem Umfang validiert werden. Schulung f\u00fcr alle Mitarbeiter Alle Mitarbeiter haben [&hellip;]\" \/>\n<meta property=\"og:url\" content=\"https:\/\/www.hotelportuense.com\/de\/clean-safe-versiegelung\/\" \/>\n<meta property=\"og:site_name\" content=\"Hotel Portuense\" \/>\n<meta property=\"article:modified_time\" content=\"2020-06-06T13:13:20+00:00\" \/>\n<meta property=\"og:image\" content=\"https:\/\/www.hotelportuense.com\/wp-content\/uploads\/sites\/41\/2020\/05\/hotel-2junho.png\" \/>\n\t<meta property=\"og:image:width\" content=\"1080\" \/>\n\t<meta property=\"og:image:height\" content=\"1080\" \/>\n\t<meta property=\"og:image:type\" content=\"image\/png\" \/>\n<meta name=\"twitter:card\" content=\"summary_large_image\" \/>\n<meta name=\"twitter:label1\" content=\"Gesch\u00e4tzte Lesezeit\" \/>\n\t<meta name=\"twitter:data1\" content=\"4 Minuten\" \/>\n<script type=\"application\/ld+json\" class=\"yoast-schema-graph\">{\"@context\":\"https:\/\/schema.org\",\"@graph\":[{\"@type\":\"WebPage\",\"@id\":\"https:\/\/www.hotelportuense.com\/de\/clean-safe-versiegelung\/\",\"url\":\"https:\/\/www.hotelportuense.com\/de\/clean-safe-versiegelung\/\",\"name\":\"Clean &amp; Safe Versiegelung - Hotel Portuense\",\"isPartOf\":{\"@id\":\"https:\/\/www.hotelportuense.com\/de\/#website\"},\"primaryImageOfPage\":{\"@id\":\"https:\/\/www.hotelportuense.com\/de\/clean-safe-versiegelung\/#primaryimage\"},\"image\":{\"@id\":\"https:\/\/www.hotelportuense.com\/de\/clean-safe-versiegelung\/#primaryimage\"},\"thumbnailUrl\":\"https:\/\/www.hotelportuense.com\/wp-content\/uploads\/sites\/41\/2020\/05\/hotel-2junho.png\",\"datePublished\":\"2020-06-04T15:13:17+00:00\",\"dateModified\":\"2020-06-06T13:13:20+00:00\",\"breadcrumb\":{\"@id\":\"https:\/\/www.hotelportuense.com\/de\/clean-safe-versiegelung\/#breadcrumb\"},\"inLanguage\":\"de-DE\",\"potentialAction\":[{\"@type\":\"ReadAction\",\"target\":[\"https:\/\/www.hotelportuense.com\/de\/clean-safe-versiegelung\/\"]}]},{\"@type\":\"ImageObject\",\"inLanguage\":\"de-DE\",\"@id\":\"https:\/\/www.hotelportuense.com\/de\/clean-safe-versiegelung\/#primaryimage\",\"url\":\"https:\/\/www.hotelportuense.com\/wp-content\/uploads\/sites\/41\/2020\/05\/hotel-2junho.png\",\"contentUrl\":\"https:\/\/www.hotelportuense.com\/wp-content\/uploads\/sites\/41\/2020\/05\/hotel-2junho.png\",\"width\":1080,\"height\":1080,\"caption\":\"Clean & Safe Seal\"},{\"@type\":\"BreadcrumbList\",\"@id\":\"https:\/\/www.hotelportuense.com\/de\/clean-safe-versiegelung\/#breadcrumb\",\"itemListElement\":[{\"@type\":\"ListItem\",\"position\":1,\"name\":\"Home\",\"item\":\"https:\/\/www.hotelportuense.com\/de\/\"},{\"@type\":\"ListItem\",\"position\":2,\"name\":\"Clean &amp; Safe Versiegelung\"}]},{\"@type\":\"WebSite\",\"@id\":\"https:\/\/www.hotelportuense.com\/de\/#website\",\"url\":\"https:\/\/www.hotelportuense.com\/de\/\",\"name\":\"Hotel Portuense\",\"description\":\"Just another ms.decms.eu site\",\"potentialAction\":[{\"@type\":\"SearchAction\",\"target\":{\"@type\":\"EntryPoint\",\"urlTemplate\":\"https:\/\/www.hotelportuense.com\/de\/?s={search_term_string}\"},\"query-input\":{\"@type\":\"PropertyValueSpecification\",\"valueRequired\":true,\"valueName\":\"search_term_string\"}}],\"inLanguage\":\"de-DE\"}]}<\/script>\n<!-- \/ Yoast SEO plugin. -->","yoast_head_json":{"title":"Clean &amp; Safe Versiegelung - Hotel Portuense","robots":{"index":"index","follow":"follow","max-snippet":"max-snippet:-1","max-image-preview":"max-image-preview:large","max-video-preview":"max-video-preview:-1"},"canonical":"https:\/\/www.hotelportuense.com\/de\/clean-safe-versiegelung\/","og_locale":"de_DE","og_type":"article","og_title":"Clean &amp; Safe Versiegelung - Hotel Portuense","og_description":"Verpflichtungserkl\u00e4rung Touristische Entwicklung \u2013 Hotel Portuense mit RNET n\u00ba 6550 Die bis zum 30. April 2021 g\u00fcltige Erkl\u00e4rung &#8222;Gesunde und Sichere Einrichtung&#8220; ist ordnungsgem\u00e4\u00df registriert. Die Vorlage dieser Erkl\u00e4rung ergibt sich aus der Verpflichtung, dass alle unten genannten Anforderungen vom Hotel Portuense Establishment in vollem Umfang validiert werden. Schulung f\u00fcr alle Mitarbeiter Alle Mitarbeiter haben [&hellip;]","og_url":"https:\/\/www.hotelportuense.com\/de\/clean-safe-versiegelung\/","og_site_name":"Hotel Portuense","article_modified_time":"2020-06-06T13:13:20+00:00","og_image":[{"width":1080,"height":1080,"url":"https:\/\/www.hotelportuense.com\/wp-content\/uploads\/sites\/41\/2020\/05\/hotel-2junho.png","type":"image\/png"}],"twitter_card":"summary_large_image","twitter_misc":{"Gesch\u00e4tzte Lesezeit":"4 Minuten"},"schema":{"@context":"https:\/\/schema.org","@graph":[{"@type":"WebPage","@id":"https:\/\/www.hotelportuense.com\/de\/clean-safe-versiegelung\/","url":"https:\/\/www.hotelportuense.com\/de\/clean-safe-versiegelung\/","name":"Clean &amp; Safe Versiegelung - Hotel Portuense","isPartOf":{"@id":"https:\/\/www.hotelportuense.com\/de\/#website"},"primaryImageOfPage":{"@id":"https:\/\/www.hotelportuense.com\/de\/clean-safe-versiegelung\/#primaryimage"},"image":{"@id":"https:\/\/www.hotelportuense.com\/de\/clean-safe-versiegelung\/#primaryimage"},"thumbnailUrl":"https:\/\/www.hotelportuense.com\/wp-content\/uploads\/sites\/41\/2020\/05\/hotel-2junho.png","datePublished":"2020-06-04T15:13:17+00:00","dateModified":"2020-06-06T13:13:20+00:00","breadcrumb":{"@id":"https:\/\/www.hotelportuense.com\/de\/clean-safe-versiegelung\/#breadcrumb"},"inLanguage":"de-DE","potentialAction":[{"@type":"ReadAction","target":["https:\/\/www.hotelportuense.com\/de\/clean-safe-versiegelung\/"]}]},{"@type":"ImageObject","inLanguage":"de-DE","@id":"https:\/\/www.hotelportuense.com\/de\/clean-safe-versiegelung\/#primaryimage","url":"https:\/\/www.hotelportuense.com\/wp-content\/uploads\/sites\/41\/2020\/05\/hotel-2junho.png","contentUrl":"https:\/\/www.hotelportuense.com\/wp-content\/uploads\/sites\/41\/2020\/05\/hotel-2junho.png","width":1080,"height":1080,"caption":"Clean & Safe Seal"},{"@type":"BreadcrumbList","@id":"https:\/\/www.hotelportuense.com\/de\/clean-safe-versiegelung\/#breadcrumb","itemListElement":[{"@type":"ListItem","position":1,"name":"Home","item":"https:\/\/www.hotelportuense.com\/de\/"},{"@type":"ListItem","position":2,"name":"Clean &amp; Safe Versiegelung"}]},{"@type":"WebSite","@id":"https:\/\/www.hotelportuense.com\/de\/#website","url":"https:\/\/www.hotelportuense.com\/de\/","name":"Hotel Portuense","description":"Just another ms.decms.eu site","potentialAction":[{"@type":"SearchAction","target":{"@type":"EntryPoint","urlTemplate":"https:\/\/www.hotelportuense.com\/de\/?s={search_term_string}"},"query-input":{"@type":"PropertyValueSpecification","valueRequired":true,"valueName":"search_term_string"}}],"inLanguage":"de-DE"}]}},"acf":[],"_links":{"self":[{"href":"https:\/\/www.hotelportuense.com\/de\/wp-json\/wp\/v2\/pages\/740","targetHints":{"allow":["GET"]}}],"collection":[{"href":"https:\/\/www.hotelportuense.com\/de\/wp-json\/wp\/v2\/pages"}],"about":[{"href":"https:\/\/www.hotelportuense.com\/de\/wp-json\/wp\/v2\/types\/page"}],"author":[{"embeddable":true,"href":"https:\/\/www.hotelportuense.com\/de\/wp-json\/wp\/v2\/users\/63"}],"replies":[{"embeddable":true,"href":"https:\/\/www.hotelportuense.com\/de\/wp-json\/wp\/v2\/comments?post=740"}],"version-history":[{"count":0,"href":"https:\/\/www.hotelportuense.com\/de\/wp-json\/wp\/v2\/pages\/740\/revisions"}],"wp:featuredmedia":[{"embeddable":true,"href":"https:\/\/www.hotelportuense.com\/de\/wp-json\/wp\/v2\/media\/717"}],"wp:attachment":[{"href":"https:\/\/www.hotelportuense.com\/de\/wp-json\/wp\/v2\/media?parent=740"}],"curies":[{"name":"wp","href":"https:\/\/api.w.org\/{rel}","templated":true}]}}