{"id":549,"date":"2019-07-08T10:11:04","date_gmt":"2019-07-08T10:11:04","guid":{"rendered":"https:\/\/www.hotelportuense.com\/?page_id=549"},"modified":"2026-01-09T12:42:56","modified_gmt":"2026-01-09T12:42:56","slug":"habitacion-individual","status":"publish","type":"page","link":"https:\/\/www.hotelportuense.com\/es\/habitaciones\/habitacion-individual\/","title":{"rendered":"Habitacion Individual"},"content":{"rendered":"<p>La habitaci\u00f3n individual con aire acondicionado est\u00e1 amueblada con un armario, una mesa y una silla. Dispone de ba\u00f1o privado.<\/p>\n<p>Superficie de la habitaci\u00f3n 8 m\u00b2<\/p>\n<p>Tipo de cama: 1 cama individual para 1 persona<\/p>\n<p>&nbsp;<\/p>\n<p>Los precios incluyen:<br \/>\nDesayuno buffet sencillo &#8211; Toallas de ba\u00f1o. &#8211; Gel corporal, champ\u00fa y jab\u00f3n. &#8211; Limpieza diaria. &#8211; Secador de pelo. &#8211; Llamada de despertador.<\/p>\n","protected":false},"excerpt":{"rendered":"<p>La habitaci\u00f3n individual con aire acondicionado est\u00e1 amueblada con un armario, una mesa y una silla. Dispone de ba\u00f1o privado. Superficie de la habitaci\u00f3n 8 m\u00b2 Tipo de cama: 1 cama individual para 1 persona &nbsp; Los precios incluyen: Desayuno buffet sencillo &#8211; Toallas de ba\u00f1o. &#8211; Gel corporal, champ\u00fa y jab\u00f3n. &#8211; Limpieza diaria. [&hellip;]<\/p>\n","protected":false},"author":63,"featured_media":0,"parent":547,"menu_order":0,"comment_status":"closed","ping_status":"closed","template":"template-single-room.php","meta":{"footnotes":""},"class_list":["post-549","page","type-page","status-publish","hentry"],"yoast_head":"<!-- This site is optimized with the Yoast SEO plugin v26.9 - https:\/\/yoast.com\/product\/yoast-seo-wordpress\/ -->\n<title>Habitacion Individual - Hotel Portuense<\/title>\n<meta name=\"robots\" content=\"index, follow, max-snippet:-1, max-image-preview:large, max-video-preview:-1\" \/>\n<link rel=\"canonical\" href=\"https:\/\/www.hotelportuense.com\/es\/habitaciones\/habitacion-individual\/\" \/>\n<meta property=\"og:locale\" content=\"es_ES\" \/>\n<meta property=\"og:type\" content=\"article\" \/>\n<meta property=\"og:title\" content=\"Habitacion Individual - Hotel Portuense\" \/>\n<meta property=\"og:description\" content=\"La habitaci\u00f3n individual con aire acondicionado est\u00e1 amueblada con un armario, una mesa y una silla. Dispone de ba\u00f1o privado. Superficie de la habitaci\u00f3n 8 m\u00b2 Tipo de cama: 1 cama individual para 1 persona &nbsp; Los precios incluyen: Desayuno buffet sencillo &#8211; Toallas de ba\u00f1o. &#8211; Gel corporal, champ\u00fa y jab\u00f3n. &#8211; Limpieza diaria. [&hellip;]\" \/>\n<meta property=\"og:url\" content=\"https:\/\/www.hotelportuense.com\/es\/habitaciones\/habitacion-individual\/\" \/>\n<meta property=\"og:site_name\" content=\"Hotel Portuense\" \/>\n<meta property=\"article:modified_time\" content=\"2026-01-09T12:42:56+00:00\" \/>\n<meta name=\"twitter:card\" content=\"summary_large_image\" \/>\n<meta name=\"twitter:label1\" content=\"Tiempo de lectura\" \/>\n\t<meta name=\"twitter:data1\" content=\"1 minuto\" \/>\n<script type=\"application\/ld+json\" class=\"yoast-schema-graph\">{\"@context\":\"https:\/\/schema.org\",\"@graph\":[{\"@type\":\"WebPage\",\"@id\":\"https:\/\/www.hotelportuense.com\/es\/habitaciones\/habitacion-individual\/\",\"url\":\"https:\/\/www.hotelportuense.com\/es\/habitaciones\/habitacion-individual\/\",\"name\":\"Habitacion Individual - Hotel Portuense\",\"isPartOf\":{\"@id\":\"https:\/\/www.hotelportuense.com\/es\/#website\"},\"datePublished\":\"2019-07-08T10:11:04+00:00\",\"dateModified\":\"2026-01-09T12:42:56+00:00\",\"breadcrumb\":{\"@id\":\"https:\/\/www.hotelportuense.com\/es\/habitaciones\/habitacion-individual\/#breadcrumb\"},\"inLanguage\":\"es\",\"potentialAction\":[{\"@type\":\"ReadAction\",\"target\":[\"https:\/\/www.hotelportuense.com\/es\/habitaciones\/habitacion-individual\/\"]}]},{\"@type\":\"BreadcrumbList\",\"@id\":\"https:\/\/www.hotelportuense.com\/es\/habitaciones\/habitacion-individual\/#breadcrumb\",\"itemListElement\":[{\"@type\":\"ListItem\",\"position\":1,\"name\":\"Home\",\"item\":\"https:\/\/www.hotelportuense.com\/es\/\"},{\"@type\":\"ListItem\",\"position\":2,\"name\":\"Habitaciones\",\"item\":\"https:\/\/www.hotelportuense.com\/es\/habitaciones\/\"},{\"@type\":\"ListItem\",\"position\":3,\"name\":\"Habitacion Individual\"}]},{\"@type\":\"WebSite\",\"@id\":\"https:\/\/www.hotelportuense.com\/es\/#website\",\"url\":\"https:\/\/www.hotelportuense.com\/es\/\",\"name\":\"Hotel Portuense\",\"description\":\"Just another ms.decms.eu site\",\"potentialAction\":[{\"@type\":\"SearchAction\",\"target\":{\"@type\":\"EntryPoint\",\"urlTemplate\":\"https:\/\/www.hotelportuense.com\/es\/?s={search_term_string}\"},\"query-input\":{\"@type\":\"PropertyValueSpecification\",\"valueRequired\":true,\"valueName\":\"search_term_string\"}}],\"inLanguage\":\"es\"}]}<\/script>\n<!-- \/ Yoast SEO plugin. -->","yoast_head_json":{"title":"Habitacion Individual - Hotel Portuense","robots":{"index":"index","follow":"follow","max-snippet":"max-snippet:-1","max-image-preview":"max-image-preview:large","max-video-preview":"max-video-preview:-1"},"canonical":"https:\/\/www.hotelportuense.com\/es\/habitaciones\/habitacion-individual\/","og_locale":"es_ES","og_type":"article","og_title":"Habitacion Individual - Hotel Portuense","og_description":"La habitaci\u00f3n individual con aire acondicionado est\u00e1 amueblada con un armario, una mesa y una silla. Dispone de ba\u00f1o privado. Superficie de la habitaci\u00f3n 8 m\u00b2 Tipo de cama: 1 cama individual para 1 persona &nbsp; Los precios incluyen: Desayuno buffet sencillo &#8211; Toallas de ba\u00f1o. &#8211; Gel corporal, champ\u00fa y jab\u00f3n. &#8211; Limpieza diaria. [&hellip;]","og_url":"https:\/\/www.hotelportuense.com\/es\/habitaciones\/habitacion-individual\/","og_site_name":"Hotel Portuense","article_modified_time":"2026-01-09T12:42:56+00:00","twitter_card":"summary_large_image","twitter_misc":{"Tiempo de lectura":"1 minuto"},"schema":{"@context":"https:\/\/schema.org","@graph":[{"@type":"WebPage","@id":"https:\/\/www.hotelportuense.com\/es\/habitaciones\/habitacion-individual\/","url":"https:\/\/www.hotelportuense.com\/es\/habitaciones\/habitacion-individual\/","name":"Habitacion Individual - Hotel Portuense","isPartOf":{"@id":"https:\/\/www.hotelportuense.com\/es\/#website"},"datePublished":"2019-07-08T10:11:04+00:00","dateModified":"2026-01-09T12:42:56+00:00","breadcrumb":{"@id":"https:\/\/www.hotelportuense.com\/es\/habitaciones\/habitacion-individual\/#breadcrumb"},"inLanguage":"es","potentialAction":[{"@type":"ReadAction","target":["https:\/\/www.hotelportuense.com\/es\/habitaciones\/habitacion-individual\/"]}]},{"@type":"BreadcrumbList","@id":"https:\/\/www.hotelportuense.com\/es\/habitaciones\/habitacion-individual\/#breadcrumb","itemListElement":[{"@type":"ListItem","position":1,"name":"Home","item":"https:\/\/www.hotelportuense.com\/es\/"},{"@type":"ListItem","position":2,"name":"Habitaciones","item":"https:\/\/www.hotelportuense.com\/es\/habitaciones\/"},{"@type":"ListItem","position":3,"name":"Habitacion Individual"}]},{"@type":"WebSite","@id":"https:\/\/www.hotelportuense.com\/es\/#website","url":"https:\/\/www.hotelportuense.com\/es\/","name":"Hotel Portuense","description":"Just another ms.decms.eu site","potentialAction":[{"@type":"SearchAction","target":{"@type":"EntryPoint","urlTemplate":"https:\/\/www.hotelportuense.com\/es\/?s={search_term_string}"},"query-input":{"@type":"PropertyValueSpecification","valueRequired":true,"valueName":"search_term_string"}}],"inLanguage":"es"}]}},"acf":[],"_links":{"self":[{"href":"https:\/\/www.hotelportuense.com\/es\/wp-json\/wp\/v2\/pages\/549","targetHints":{"allow":["GET"]}}],"collection":[{"href":"https:\/\/www.hotelportuense.com\/es\/wp-json\/wp\/v2\/pages"}],"about":[{"href":"https:\/\/www.hotelportuense.com\/es\/wp-json\/wp\/v2\/types\/page"}],"author":[{"embeddable":true,"href":"https:\/\/www.hotelportuense.com\/es\/wp-json\/wp\/v2\/users\/63"}],"replies":[{"embeddable":true,"href":"https:\/\/www.hotelportuense.com\/es\/wp-json\/wp\/v2\/comments?post=549"}],"version-history":[{"count":0,"href":"https:\/\/www.hotelportuense.com\/es\/wp-json\/wp\/v2\/pages\/549\/revisions"}],"up":[{"embeddable":true,"href":"https:\/\/www.hotelportuense.com\/es\/wp-json\/wp\/v2\/pages\/547"}],"wp:attachment":[{"href":"https:\/\/www.hotelportuense.com\/es\/wp-json\/wp\/v2\/media?parent=549"}],"curies":[{"name":"wp","href":"https:\/\/api.w.org\/{rel}","templated":true}]}}