{"id":699,"date":"2019-05-16T12:11:14","date_gmt":"2019-05-16T12:11:14","guid":{"rendered":"https:\/\/www.hotelportuense.com\/hotel-portuense-bem-vindo\/"},"modified":"2026-01-09T13:17:43","modified_gmt":"2026-01-09T13:17:43","slug":"hotel-portuense-bem-vindo","status":"publish","type":"page","link":"https:\/\/www.hotelportuense.com\/fr\/","title":{"rendered":"Bienvenue"},"content":{"rendered":"<p data-start=\"1759\" data-end=\"1944\">S\u00e9journez \u00e0 l\u2019<strong data-start=\"1773\" data-end=\"1799\">H\u00f4tel Portuense Lisboa<\/strong>, un h\u00f4tel 2 \u00e9toiles accueillant au c\u0153ur de Lisbonne. Situ\u00e9 Rua das Portas de Santo Ant\u00e3o, \u00e0 quelques pas de Rossio et de l\u2019Avenida da Liberdade.<\/p>\n<p data-start=\"1946\" data-end=\"2074\">Profitez de chambres propres et confortables, du Wi-Fi gratuit et d\u2019un emplacement central id\u00e9al pour d\u00e9couvrir Lisbonne \u00e0 pied.<\/p>\n","protected":false},"excerpt":{"rendered":"<p>S\u00e9journez \u00e0 l\u2019H\u00f4tel Portuense Lisboa, un h\u00f4tel 2 \u00e9toiles accueillant au c\u0153ur de Lisbonne. Situ\u00e9 Rua das Portas de Santo Ant\u00e3o, \u00e0 quelques pas de Rossio et de l\u2019Avenida da Liberdade. Profitez de chambres propres et confortables, du Wi-Fi gratuit et d\u2019un emplacement central id\u00e9al pour d\u00e9couvrir Lisbonne \u00e0 pied.<\/p>\n","protected":false},"author":7,"featured_media":0,"parent":0,"menu_order":1,"comment_status":"closed","ping_status":"closed","template":"","meta":{"footnotes":""},"class_list":["post-699","page","type-page","status-publish","hentry"],"yoast_head":"<!-- This site is optimized with the Yoast SEO plugin v26.9 - https:\/\/yoast.com\/product\/yoast-seo-wordpress\/ -->\n<title>Bienvenue - Hotel Portuense<\/title>\n<meta name=\"robots\" content=\"index, follow, max-snippet:-1, max-image-preview:large, max-video-preview:-1\" \/>\n<link rel=\"canonical\" href=\"https:\/\/www.hotelportuense.com\/fr\/\" \/>\n<meta property=\"og:locale\" content=\"fr_FR\" \/>\n<meta property=\"og:type\" content=\"article\" \/>\n<meta property=\"og:title\" content=\"Bienvenue - Hotel Portuense\" \/>\n<meta property=\"og:description\" content=\"S\u00e9journez \u00e0 l\u2019H\u00f4tel Portuense Lisboa, un h\u00f4tel 2 \u00e9toiles accueillant au c\u0153ur de Lisbonne. Situ\u00e9 Rua das Portas de Santo Ant\u00e3o, \u00e0 quelques pas de Rossio et de l\u2019Avenida da Liberdade. Profitez de chambres propres et confortables, du Wi-Fi gratuit et d\u2019un emplacement central id\u00e9al pour d\u00e9couvrir Lisbonne \u00e0 pied.\" \/>\n<meta property=\"og:url\" content=\"https:\/\/www.hotelportuense.com\/fr\/\" \/>\n<meta property=\"og:site_name\" content=\"Hotel Portuense\" \/>\n<meta property=\"article:modified_time\" content=\"2026-01-09T13:17:43+00:00\" \/>\n<meta name=\"twitter:card\" content=\"summary_large_image\" \/>\n<meta name=\"twitter:label1\" content=\"Dur\u00e9e de lecture estim\u00e9e\" \/>\n\t<meta name=\"twitter:data1\" content=\"1 minute\" \/>\n<script type=\"application\/ld+json\" class=\"yoast-schema-graph\">{\"@context\":\"https:\/\/schema.org\",\"@graph\":[{\"@type\":\"WebPage\",\"@id\":\"https:\/\/www.hotelportuense.com\/fr\/\",\"url\":\"https:\/\/www.hotelportuense.com\/fr\/\",\"name\":\"Bienvenue - Hotel Portuense\",\"isPartOf\":{\"@id\":\"https:\/\/www.hotelportuense.com\/fr\/#website\"},\"datePublished\":\"2019-05-16T12:11:14+00:00\",\"dateModified\":\"2026-01-09T13:17:43+00:00\",\"breadcrumb\":{\"@id\":\"https:\/\/www.hotelportuense.com\/fr\/#breadcrumb\"},\"inLanguage\":\"fr-FR\",\"potentialAction\":[{\"@type\":\"ReadAction\",\"target\":[\"https:\/\/www.hotelportuense.com\/fr\/\"]}]},{\"@type\":\"BreadcrumbList\",\"@id\":\"https:\/\/www.hotelportuense.com\/fr\/#breadcrumb\",\"itemListElement\":[{\"@type\":\"ListItem\",\"position\":1,\"name\":\"Home\",\"item\":\"https:\/\/www.hotelportuense.com\/fr\/\"},{\"@type\":\"ListItem\",\"position\":2,\"name\":\"Bienvenue\"}]},{\"@type\":\"WebSite\",\"@id\":\"https:\/\/www.hotelportuense.com\/fr\/#website\",\"url\":\"https:\/\/www.hotelportuense.com\/fr\/\",\"name\":\"Hotel Portuense\",\"description\":\"Just another ms.decms.eu site\",\"potentialAction\":[{\"@type\":\"SearchAction\",\"target\":{\"@type\":\"EntryPoint\",\"urlTemplate\":\"https:\/\/www.hotelportuense.com\/fr\/?s={search_term_string}\"},\"query-input\":{\"@type\":\"PropertyValueSpecification\",\"valueRequired\":true,\"valueName\":\"search_term_string\"}}],\"inLanguage\":\"fr-FR\"}]}<\/script>\n<!-- \/ Yoast SEO plugin. -->","yoast_head_json":{"title":"Bienvenue - Hotel Portuense","robots":{"index":"index","follow":"follow","max-snippet":"max-snippet:-1","max-image-preview":"max-image-preview:large","max-video-preview":"max-video-preview:-1"},"canonical":"https:\/\/www.hotelportuense.com\/fr\/","og_locale":"fr_FR","og_type":"article","og_title":"Bienvenue - Hotel Portuense","og_description":"S\u00e9journez \u00e0 l\u2019H\u00f4tel Portuense Lisboa, un h\u00f4tel 2 \u00e9toiles accueillant au c\u0153ur de Lisbonne. Situ\u00e9 Rua das Portas de Santo Ant\u00e3o, \u00e0 quelques pas de Rossio et de l\u2019Avenida da Liberdade. Profitez de chambres propres et confortables, du Wi-Fi gratuit et d\u2019un emplacement central id\u00e9al pour d\u00e9couvrir Lisbonne \u00e0 pied.","og_url":"https:\/\/www.hotelportuense.com\/fr\/","og_site_name":"Hotel Portuense","article_modified_time":"2026-01-09T13:17:43+00:00","twitter_card":"summary_large_image","twitter_misc":{"Dur\u00e9e de lecture estim\u00e9e":"1 minute"},"schema":{"@context":"https:\/\/schema.org","@graph":[{"@type":"WebPage","@id":"https:\/\/www.hotelportuense.com\/fr\/","url":"https:\/\/www.hotelportuense.com\/fr\/","name":"Bienvenue - Hotel Portuense","isPartOf":{"@id":"https:\/\/www.hotelportuense.com\/fr\/#website"},"datePublished":"2019-05-16T12:11:14+00:00","dateModified":"2026-01-09T13:17:43+00:00","breadcrumb":{"@id":"https:\/\/www.hotelportuense.com\/fr\/#breadcrumb"},"inLanguage":"fr-FR","potentialAction":[{"@type":"ReadAction","target":["https:\/\/www.hotelportuense.com\/fr\/"]}]},{"@type":"BreadcrumbList","@id":"https:\/\/www.hotelportuense.com\/fr\/#breadcrumb","itemListElement":[{"@type":"ListItem","position":1,"name":"Home","item":"https:\/\/www.hotelportuense.com\/fr\/"},{"@type":"ListItem","position":2,"name":"Bienvenue"}]},{"@type":"WebSite","@id":"https:\/\/www.hotelportuense.com\/fr\/#website","url":"https:\/\/www.hotelportuense.com\/fr\/","name":"Hotel Portuense","description":"Just another ms.decms.eu site","potentialAction":[{"@type":"SearchAction","target":{"@type":"EntryPoint","urlTemplate":"https:\/\/www.hotelportuense.com\/fr\/?s={search_term_string}"},"query-input":{"@type":"PropertyValueSpecification","valueRequired":true,"valueName":"search_term_string"}}],"inLanguage":"fr-FR"}]}},"acf":[],"_links":{"self":[{"href":"https:\/\/www.hotelportuense.com\/fr\/wp-json\/wp\/v2\/pages\/699","targetHints":{"allow":["GET"]}}],"collection":[{"href":"https:\/\/www.hotelportuense.com\/fr\/wp-json\/wp\/v2\/pages"}],"about":[{"href":"https:\/\/www.hotelportuense.com\/fr\/wp-json\/wp\/v2\/types\/page"}],"author":[{"embeddable":true,"href":"https:\/\/www.hotelportuense.com\/fr\/wp-json\/wp\/v2\/users\/7"}],"replies":[{"embeddable":true,"href":"https:\/\/www.hotelportuense.com\/fr\/wp-json\/wp\/v2\/comments?post=699"}],"version-history":[{"count":0,"href":"https:\/\/www.hotelportuense.com\/fr\/wp-json\/wp\/v2\/pages\/699\/revisions"}],"wp:attachment":[{"href":"https:\/\/www.hotelportuense.com\/fr\/wp-json\/wp\/v2\/media?parent=699"}],"curies":[{"name":"wp","href":"https:\/\/api.w.org\/{rel}","templated":true}]}}