{"id":739,"date":"2020-06-04T15:13:01","date_gmt":"2020-06-04T15:13:01","guid":{"rendered":"https:\/\/www.hotelportuense.com\/?page_id=739"},"modified":"2020-06-06T12:28:36","modified_gmt":"2020-06-06T12:28:36","slug":"sceau-clean-safe","status":"publish","type":"page","link":"https:\/\/www.hotelportuense.com\/fr\/sceau-clean-safe\/","title":{"rendered":"Sceau Clean &amp; Safe"},"content":{"rendered":"<h1 style=\"text-align: center\">D\u00e9claration d&rsquo;Engagement<\/h1>\n<p style=\"text-align: center\">D\u00e9veloppement Touristique \u2013 Hotel Portuense avec RNET n\u00ba 6550<\/p>\n<p><img loading=\"lazy\" decoding=\"async\" class=\"size-medium wp-image-731 aligncenter\" src=\"https:\/\/www.hotelportuense.com\/wp-content\/uploads\/sites\/41\/2020\/06\/TDP_AS_Print_Original-300x300.png\" alt=\"\" width=\"300\" height=\"300\" srcset=\"https:\/\/www.hotelportuense.com\/wp-content\/uploads\/sites\/41\/2020\/06\/TDP_AS_Print_Original-300x300.png 300w, https:\/\/www.hotelportuense.com\/wp-content\/uploads\/sites\/41\/2020\/06\/TDP_AS_Print_Original-1024x1024.png 1024w, https:\/\/www.hotelportuense.com\/wp-content\/uploads\/sites\/41\/2020\/06\/TDP_AS_Print_Original-150x150.png 150w, https:\/\/www.hotelportuense.com\/wp-content\/uploads\/sites\/41\/2020\/06\/TDP_AS_Print_Original-768x768.png 768w, https:\/\/www.hotelportuense.com\/wp-content\/uploads\/sites\/41\/2020\/06\/TDP_AS_Print_Original-600x600.png 600w, https:\/\/www.hotelportuense.com\/wp-content\/uploads\/sites\/41\/2020\/06\/TDP_AS_Print_Original.png 1200w\" sizes=\"auto, (max-width: 300px) 100vw, 300px\" \/><\/p>\n<h2 style=\"text-align: center\">La d\u00e9claration d&rsquo;\u00c9tablissement Sain et S\u00fbr, valable jusqu&rsquo;au 30 avril 2021, est d\u00fbment enregistr\u00e9e.<\/h2>\n<p>La pr\u00e9sentation de cette D\u00e9claration d\u00e9coule de l&rsquo;engagement que toutes les exigences mentionn\u00e9es ci-dessous sont valid\u00e9es dans leur int\u00e9gralit\u00e9 par l&rsquo;\u00c9tablissement Hotel Portuense.<\/p>\n<h2>Formation pour tous les employ\u00e9s<\/h2>\n<ul>\n<li>Tous les employ\u00e9s ont re\u00e7u des informations et\/ou une formation sp\u00e9cifiques sur:\n<ul>\n<li>Protocole interne sur l&rsquo;\u00e9pid\u00e9mie de coronavirus COVID-19.<\/li>\n<li>Comment respecter les pr\u00e9cautions de base en mati\u00e8re de pr\u00e9vention et de contr\u00f4le des infections li\u00e9es \u00e0 l&rsquo;apparition du coronavirus COVID-19, y compris les proc\u00e9dures :\n<ul>\n<li>hygi\u00e8ne des mains : se laver fr\u00e9quemment les mains \u00e0 l&rsquo;eau et au savon pendant au moins 20 secondes ou utiliser un d\u00e9sinfectant pour les mains contenant au moins 70 % d&rsquo;alcool, en couvrant toutes les surfaces des mains et en les frottant jusqu&rsquo;\u00e0 ce qu&rsquo;elles soient s\u00e8ches.<\/li>\n<li>\u00e9tiquette respiratoire : tousser ou \u00e9ternuer dans l&rsquo;avant-bras fl\u00e9chi ou utiliser un mouchoir en papier, qui doit ensuite \u00eatre imm\u00e9diatement jet\u00e9 ; Toujours se laver les mains apr\u00e8s avoir touss\u00e9 ou \u00e9ternu\u00e9 et apr\u00e8s avoir souffl\u00e9 ; \u00c9viter de se toucher les yeux, le nez et la bouche avec les mains.<\/li>\n<li>comportement social : modifier la fr\u00e9quence et la forme des contacts entre les travailleurs et entre les travailleurs et les clients, en \u00e9vitant (dans la mesure du possible) les contacts \u00e9troits, les poign\u00e9es de main, les baisers, les lieux de travail partag\u00e9s, les r\u00e9unions en face \u00e0 face et le partage de la nourriture, des ustensiles, des tasses et des serviettes.<\/li>\n<\/ul>\n<\/li>\n<li>Comment respecter l&rsquo;autocontr\u00f4le quotidien pour l&rsquo;\u00e9valuation de la fi\u00e8vre (mesure de la temp\u00e9rature corporelle et enregistrement de la valeur et de l&rsquo;heure de la mesure), la v\u00e9rification de la toux ou la difficult\u00e9 \u00e0 respirer.<\/li>\n<li>Comment se conformer aux directives de la DGS pour le nettoyage et le traitement des v\u00eatements dans les \u00e9tablissements.<\/li>\n<\/ul>\n<\/li>\n<\/ul>\n<h2>Information \u00e0 tous les clients<\/h2>\n<ul>\n<li>Les informations suivantes sont \u00e0 la disposition de tous les clients:\n<ul>\n<li>Comment respecter les pr\u00e9cautions de base en mati\u00e8re de pr\u00e9vention et de contr\u00f4le des infections en rapport avec l&rsquo;apparition du coronavirus COVID-19.<\/li>\n<li>Quel est le protocole interne concernant l&rsquo;\u00e9pid\u00e9mie de coronavirus COVID-19.<\/li>\n<\/ul>\n<\/li>\n<\/ul>\n<h2>L&rsquo;\u00e9tablissement a<\/h2>\n<ul>\n<li>Un \u00e9quipement de protection individuelle suffisant pour tous les travailleurs.<\/li>\n<li>\u00c9quipement de protection individuelle \u00e0 la disposition des clients (capacit\u00e9 maximale de l&rsquo;\u00e9tablissement).<\/li>\n<li>Stock de produits de nettoyage \u00e0 usage unique proportionn\u00e9 \u00e0 leurs dimensions, y compris des lingettes de nettoyage \u00e0 usage unique humidifi\u00e9es avec un d\u00e9sinfectant, de l&rsquo;eau de Javel et de l&rsquo;alcool \u00e0 70\u00ba.<\/li>\n<li>Distributeurs de solution antiseptique \u00e0 base d&rsquo;alcool ou de solution \u00e0 base d&rsquo;alcool \u00e0 proximit\u00e9 des points d&rsquo;entr\u00e9e\/sortie et, le cas \u00e9ch\u00e9ant, par \u00e9tage, \u00e0 l&rsquo;entr\u00e9e du restaurant, du bar et des installations sanitaires communes.<\/li>\n<li>Conteneur \u00e0 d\u00e9chets avec ouverture non manuelle et sac en plastique.<\/li>\n<li>Lieu pour isoler les personnes pouvant \u00eatre d\u00e9tect\u00e9es comme des cas suspects ou confirm\u00e9s de COVID-19, qui devrait de pr\u00e9f\u00e9rence \u00eatre \u00e9quip\u00e9 d&rsquo;une ventilation naturelle ou d&rsquo;un syst\u00e8me de ventilation m\u00e9canique, et avoir des rev\u00eatements lisses et lavables, une salle de bain, un stock de mat\u00e9riel de nettoyage, des masques chirurgicaux et des gants jetables, un thermom\u00e8tre, un conteneur \u00e0 d\u00e9chets autonome, des sacs \u00e0 d\u00e9chets, des sacs \u00e0 linge usag\u00e9s, un kit avec de l&rsquo;eau et quelques aliments non p\u00e9rissables.<\/li>\n<li>Dans les installations sanitaires, il faut se laver les mains avec du savon liquide et des serviettes en papier.<\/li>\n<\/ul>\n<h2>L&rsquo;\u00e9tablissement assure<\/h2>\n<ul>\n<li>Lavage et d\u00e9sinfection, selon le protocole interne, des surfaces o\u00f9 circulent les employ\u00e9s et les clients. garantir le contr\u00f4le et la pr\u00e9vention des infections et de la r\u00e9sistance aux antimicrobiens.<\/li>\n<li>Nettoyage, plusieurs fois par jour, des surfaces et des objets d&rsquo;usage courant (y compris les comptoirs, les interrupteurs d&rsquo;\u00e9clairage et d&rsquo;ascenseur, les poign\u00e9es, les boutons d&rsquo;armoires).<\/li>\n<li>La pr\u00e9f\u00e9rence est donn\u00e9e au nettoyage humide plut\u00f4t qu&rsquo;au nettoyage \u00e0 sec et \u00e0 l&rsquo;utilisation d&rsquo;aspirateurs.<\/li>\n<li>Le renouvellement de l&rsquo;air dans les chambres et les espaces clos se fait r\u00e9guli\u00e8rement.<\/li>\n<li>La d\u00e9sinfection de la piscine ou d&rsquo;autres \u00e9quipements existants dans les SPA \/ zones de bien-\u00eatre (lorsqu&rsquo;ils existent) est effectu\u00e9e comme d\u00e9fini dans le protocole interne.<\/li>\n<li>La d\u00e9sinfection du jacuzzi (lorsqu&rsquo;il y en a un) se fait r\u00e9guli\u00e8rement avec le d\u00e9versement de toute l&rsquo;eau suivi du lavage et de la d\u00e9sinfection ; ensuite, il est rempli d&rsquo;eau propre et d\u00e9sinfect\u00e9 avec du chlore en quantit\u00e9 appropri\u00e9e, selon le protocole interne.<\/li>\n<li>Dans les secteurs de l&rsquo;alimentation et des boissons, l&rsquo;hygi\u00e8ne des ustensiles, des \u00e9quipements et des surfaces est renforc\u00e9e et la manipulation directe des aliments par les clients et les employ\u00e9s est \u00e9vit\u00e9e autant que possible.<\/li>\n<\/ul>\n<h2>Le protocole de nettoyage et d&rsquo;assainissement garantit<\/h2>\n<ul>\n<li>La d\u00e9finition de soins sp\u00e9cifiques pour le changement des draps et le nettoyage des chambres, en privil\u00e9giant deux temps d&rsquo;intervention espac\u00e9s et avec une protection ad\u00e9quate selon le protocole interne.<\/li>\n<li>L&rsquo;enl\u00e8vement des draps et des serviettes de toilette effectu\u00e9 sans les secouer ni les agiter, en les roulant de l&rsquo;int\u00e9rieur vers l&rsquo;ext\u00e9rieur, sans toucher le corps et en les portant directement \u00e0 la machine \u00e0 laver.<\/li>\n<li>Lavage s\u00e9par\u00e9 en machine et \u00e0 haute temp\u00e9rature de l&rsquo;uniforme et de la literie des employ\u00e9s (environ 60\u00baC).<\/li>\n<\/ul>\n<h2>L&rsquo;op\u00e9ration assure<\/h2>\n<ul>\n<li>Qu&rsquo;il y ait toujours un employ\u00e9 charg\u00e9 de d\u00e9clencher les proc\u00e9dures en cas de suspicion d&rsquo;infection (accompagner la personne pr\u00e9sentant des sympt\u00f4mes dans l&rsquo;espace d&rsquo;isolement, lui apporter l&rsquo;aide n\u00e9cessaire et contacter le service national de sant\u00e9).<\/li>\n<li>D\u00e9contamination de la zone d&rsquo;isolement en cas de cas d&rsquo;infection positifs et renforcement du nettoyage et de la d\u00e9sinfection en cas de suspicion d&rsquo;infection, en particulier sur les surfaces fr\u00e9quemment manipul\u00e9es et utilis\u00e9es par les patients, comme indiqu\u00e9 par la DGS.<\/li>\n<li>Le stockage des d\u00e9chets produits par les patients suspect\u00e9s d&rsquo;infection dans un sac plastique qui, apr\u00e8s avoir \u00e9t\u00e9 ferm\u00e9 (par exemple avec un clamp), doit \u00eatre s\u00e9par\u00e9 et envoy\u00e9 \u00e0 un op\u00e9rateur agr\u00e9\u00e9 pour la gestion des d\u00e9chets hospitaliers pr\u00e9sentant un risque biologique.<\/li>\n<\/ul>\n","protected":false},"excerpt":{"rendered":"<p>D\u00e9claration d&rsquo;Engagement D\u00e9veloppement Touristique \u2013 Hotel Portuense avec RNET n\u00ba 6550 La d\u00e9claration d&rsquo;\u00c9tablissement Sain et S\u00fbr, valable jusqu&rsquo;au 30 avril 2021, est d\u00fbment enregistr\u00e9e. La pr\u00e9sentation de cette D\u00e9claration d\u00e9coule de l&rsquo;engagement que toutes les exigences mentionn\u00e9es ci-dessous sont valid\u00e9es dans leur int\u00e9gralit\u00e9 par l&rsquo;\u00c9tablissement Hotel Portuense. Formation pour tous les employ\u00e9s Tous les [&hellip;]<\/p>\n","protected":false},"author":63,"featured_media":716,"parent":0,"menu_order":0,"comment_status":"closed","ping_status":"closed","template":"","meta":{"footnotes":""},"class_list":["post-739","page","type-page","status-publish","has-post-thumbnail","hentry"],"yoast_head":"<!-- This site is optimized with the Yoast SEO plugin v26.9 - https:\/\/yoast.com\/product\/yoast-seo-wordpress\/ -->\n<title>Sceau Clean &amp; Safe - Hotel Portuense<\/title>\n<meta name=\"robots\" content=\"index, follow, max-snippet:-1, max-image-preview:large, max-video-preview:-1\" \/>\n<link rel=\"canonical\" href=\"https:\/\/www.hotelportuense.com\/fr\/sceau-clean-safe\/\" \/>\n<meta property=\"og:locale\" content=\"fr_FR\" \/>\n<meta property=\"og:type\" content=\"article\" \/>\n<meta property=\"og:title\" content=\"Sceau Clean &amp; Safe - Hotel Portuense\" \/>\n<meta property=\"og:description\" content=\"D\u00e9claration d&rsquo;Engagement D\u00e9veloppement Touristique \u2013 Hotel Portuense avec RNET n\u00ba 6550 La d\u00e9claration d&rsquo;\u00c9tablissement Sain et S\u00fbr, valable jusqu&rsquo;au 30 avril 2021, est d\u00fbment enregistr\u00e9e. La pr\u00e9sentation de cette D\u00e9claration d\u00e9coule de l&rsquo;engagement que toutes les exigences mentionn\u00e9es ci-dessous sont valid\u00e9es dans leur int\u00e9gralit\u00e9 par l&rsquo;\u00c9tablissement Hotel Portuense. Formation pour tous les employ\u00e9s Tous les [&hellip;]\" \/>\n<meta property=\"og:url\" content=\"https:\/\/www.hotelportuense.com\/fr\/sceau-clean-safe\/\" \/>\n<meta property=\"og:site_name\" content=\"Hotel Portuense\" \/>\n<meta property=\"article:modified_time\" content=\"2020-06-06T12:28:36+00:00\" \/>\n<meta property=\"og:image\" content=\"https:\/\/www.hotelportuense.com\/wp-content\/uploads\/sites\/41\/2020\/05\/hotel-2junho.png\" \/>\n\t<meta property=\"og:image:width\" content=\"1080\" \/>\n\t<meta property=\"og:image:height\" content=\"1080\" \/>\n\t<meta property=\"og:image:type\" content=\"image\/png\" \/>\n<meta name=\"twitter:card\" content=\"summary_large_image\" \/>\n<meta name=\"twitter:label1\" content=\"Dur\u00e9e de lecture estim\u00e9e\" \/>\n\t<meta name=\"twitter:data1\" content=\"5 minutes\" \/>\n<script type=\"application\/ld+json\" class=\"yoast-schema-graph\">{\"@context\":\"https:\/\/schema.org\",\"@graph\":[{\"@type\":\"WebPage\",\"@id\":\"https:\/\/www.hotelportuense.com\/fr\/sceau-clean-safe\/\",\"url\":\"https:\/\/www.hotelportuense.com\/fr\/sceau-clean-safe\/\",\"name\":\"Sceau Clean &amp; Safe - Hotel Portuense\",\"isPartOf\":{\"@id\":\"https:\/\/www.hotelportuense.com\/fr\/#website\"},\"primaryImageOfPage\":{\"@id\":\"https:\/\/www.hotelportuense.com\/fr\/sceau-clean-safe\/#primaryimage\"},\"image\":{\"@id\":\"https:\/\/www.hotelportuense.com\/fr\/sceau-clean-safe\/#primaryimage\"},\"thumbnailUrl\":\"https:\/\/www.hotelportuense.com\/wp-content\/uploads\/sites\/41\/2020\/05\/hotel-2junho.png\",\"datePublished\":\"2020-06-04T15:13:01+00:00\",\"dateModified\":\"2020-06-06T12:28:36+00:00\",\"breadcrumb\":{\"@id\":\"https:\/\/www.hotelportuense.com\/fr\/sceau-clean-safe\/#breadcrumb\"},\"inLanguage\":\"fr-FR\",\"potentialAction\":[{\"@type\":\"ReadAction\",\"target\":[\"https:\/\/www.hotelportuense.com\/fr\/sceau-clean-safe\/\"]}]},{\"@type\":\"ImageObject\",\"inLanguage\":\"fr-FR\",\"@id\":\"https:\/\/www.hotelportuense.com\/fr\/sceau-clean-safe\/#primaryimage\",\"url\":\"https:\/\/www.hotelportuense.com\/wp-content\/uploads\/sites\/41\/2020\/05\/hotel-2junho.png\",\"contentUrl\":\"https:\/\/www.hotelportuense.com\/wp-content\/uploads\/sites\/41\/2020\/05\/hotel-2junho.png\",\"width\":1080,\"height\":1080,\"caption\":\"Clean & Safe Seal\"},{\"@type\":\"BreadcrumbList\",\"@id\":\"https:\/\/www.hotelportuense.com\/fr\/sceau-clean-safe\/#breadcrumb\",\"itemListElement\":[{\"@type\":\"ListItem\",\"position\":1,\"name\":\"Home\",\"item\":\"https:\/\/www.hotelportuense.com\/fr\/\"},{\"@type\":\"ListItem\",\"position\":2,\"name\":\"Sceau Clean &amp; Safe\"}]},{\"@type\":\"WebSite\",\"@id\":\"https:\/\/www.hotelportuense.com\/fr\/#website\",\"url\":\"https:\/\/www.hotelportuense.com\/fr\/\",\"name\":\"Hotel Portuense\",\"description\":\"Just another ms.decms.eu site\",\"potentialAction\":[{\"@type\":\"SearchAction\",\"target\":{\"@type\":\"EntryPoint\",\"urlTemplate\":\"https:\/\/www.hotelportuense.com\/fr\/?s={search_term_string}\"},\"query-input\":{\"@type\":\"PropertyValueSpecification\",\"valueRequired\":true,\"valueName\":\"search_term_string\"}}],\"inLanguage\":\"fr-FR\"}]}<\/script>\n<!-- \/ Yoast SEO plugin. -->","yoast_head_json":{"title":"Sceau Clean &amp; Safe - Hotel Portuense","robots":{"index":"index","follow":"follow","max-snippet":"max-snippet:-1","max-image-preview":"max-image-preview:large","max-video-preview":"max-video-preview:-1"},"canonical":"https:\/\/www.hotelportuense.com\/fr\/sceau-clean-safe\/","og_locale":"fr_FR","og_type":"article","og_title":"Sceau Clean &amp; Safe - Hotel Portuense","og_description":"D\u00e9claration d&rsquo;Engagement D\u00e9veloppement Touristique \u2013 Hotel Portuense avec RNET n\u00ba 6550 La d\u00e9claration d&rsquo;\u00c9tablissement Sain et S\u00fbr, valable jusqu&rsquo;au 30 avril 2021, est d\u00fbment enregistr\u00e9e. La pr\u00e9sentation de cette D\u00e9claration d\u00e9coule de l&rsquo;engagement que toutes les exigences mentionn\u00e9es ci-dessous sont valid\u00e9es dans leur int\u00e9gralit\u00e9 par l&rsquo;\u00c9tablissement Hotel Portuense. Formation pour tous les employ\u00e9s Tous les [&hellip;]","og_url":"https:\/\/www.hotelportuense.com\/fr\/sceau-clean-safe\/","og_site_name":"Hotel Portuense","article_modified_time":"2020-06-06T12:28:36+00:00","og_image":[{"width":1080,"height":1080,"url":"https:\/\/www.hotelportuense.com\/wp-content\/uploads\/sites\/41\/2020\/05\/hotel-2junho.png","type":"image\/png"}],"twitter_card":"summary_large_image","twitter_misc":{"Dur\u00e9e de lecture estim\u00e9e":"5 minutes"},"schema":{"@context":"https:\/\/schema.org","@graph":[{"@type":"WebPage","@id":"https:\/\/www.hotelportuense.com\/fr\/sceau-clean-safe\/","url":"https:\/\/www.hotelportuense.com\/fr\/sceau-clean-safe\/","name":"Sceau Clean &amp; Safe - Hotel Portuense","isPartOf":{"@id":"https:\/\/www.hotelportuense.com\/fr\/#website"},"primaryImageOfPage":{"@id":"https:\/\/www.hotelportuense.com\/fr\/sceau-clean-safe\/#primaryimage"},"image":{"@id":"https:\/\/www.hotelportuense.com\/fr\/sceau-clean-safe\/#primaryimage"},"thumbnailUrl":"https:\/\/www.hotelportuense.com\/wp-content\/uploads\/sites\/41\/2020\/05\/hotel-2junho.png","datePublished":"2020-06-04T15:13:01+00:00","dateModified":"2020-06-06T12:28:36+00:00","breadcrumb":{"@id":"https:\/\/www.hotelportuense.com\/fr\/sceau-clean-safe\/#breadcrumb"},"inLanguage":"fr-FR","potentialAction":[{"@type":"ReadAction","target":["https:\/\/www.hotelportuense.com\/fr\/sceau-clean-safe\/"]}]},{"@type":"ImageObject","inLanguage":"fr-FR","@id":"https:\/\/www.hotelportuense.com\/fr\/sceau-clean-safe\/#primaryimage","url":"https:\/\/www.hotelportuense.com\/wp-content\/uploads\/sites\/41\/2020\/05\/hotel-2junho.png","contentUrl":"https:\/\/www.hotelportuense.com\/wp-content\/uploads\/sites\/41\/2020\/05\/hotel-2junho.png","width":1080,"height":1080,"caption":"Clean & Safe Seal"},{"@type":"BreadcrumbList","@id":"https:\/\/www.hotelportuense.com\/fr\/sceau-clean-safe\/#breadcrumb","itemListElement":[{"@type":"ListItem","position":1,"name":"Home","item":"https:\/\/www.hotelportuense.com\/fr\/"},{"@type":"ListItem","position":2,"name":"Sceau Clean &amp; Safe"}]},{"@type":"WebSite","@id":"https:\/\/www.hotelportuense.com\/fr\/#website","url":"https:\/\/www.hotelportuense.com\/fr\/","name":"Hotel Portuense","description":"Just another ms.decms.eu site","potentialAction":[{"@type":"SearchAction","target":{"@type":"EntryPoint","urlTemplate":"https:\/\/www.hotelportuense.com\/fr\/?s={search_term_string}"},"query-input":{"@type":"PropertyValueSpecification","valueRequired":true,"valueName":"search_term_string"}}],"inLanguage":"fr-FR"}]}},"acf":[],"_links":{"self":[{"href":"https:\/\/www.hotelportuense.com\/fr\/wp-json\/wp\/v2\/pages\/739","targetHints":{"allow":["GET"]}}],"collection":[{"href":"https:\/\/www.hotelportuense.com\/fr\/wp-json\/wp\/v2\/pages"}],"about":[{"href":"https:\/\/www.hotelportuense.com\/fr\/wp-json\/wp\/v2\/types\/page"}],"author":[{"embeddable":true,"href":"https:\/\/www.hotelportuense.com\/fr\/wp-json\/wp\/v2\/users\/63"}],"replies":[{"embeddable":true,"href":"https:\/\/www.hotelportuense.com\/fr\/wp-json\/wp\/v2\/comments?post=739"}],"version-history":[{"count":0,"href":"https:\/\/www.hotelportuense.com\/fr\/wp-json\/wp\/v2\/pages\/739\/revisions"}],"wp:featuredmedia":[{"embeddable":true,"href":"https:\/\/www.hotelportuense.com\/fr\/wp-json\/wp\/v2\/media\/716"}],"wp:attachment":[{"href":"https:\/\/www.hotelportuense.com\/fr\/wp-json\/wp\/v2\/media?parent=739"}],"curies":[{"name":"wp","href":"https:\/\/api.w.org\/{rel}","templated":true}]}}