{"id":611,"date":"2020-01-15T17:19:55","date_gmt":"2020-01-15T17:19:55","guid":{"rendered":"https:\/\/www.hotelportuense.com\/?page_id=611"},"modified":"2020-01-21T13:57:06","modified_gmt":"2020-01-21T13:57:06","slug":"privacy","status":"publish","type":"page","link":"https:\/\/www.hotelportuense.com\/it\/privacy\/","title":{"rendered":"Privacy"},"content":{"rendered":"<p>O HOTEL PORTUENSE \u00a0assume como compromisso interno a defesa da privacidade e da seguran\u00e7a da informa\u00e7\u00e3o quer no processamento quer na manuten\u00e7\u00e3o dos dados pessoais a seu cargo, respeitando a legisla\u00e7\u00e3o em vigor nomeadamente o Regulamento Geral de Prote\u00e7\u00e3o de Dados assim como a legisla\u00e7\u00e3o nacional e comunit\u00e1ria vigente.<\/p>\n<p>A presente Declara\u00e7\u00e3o de Privacidade visa tamb\u00e9m estabelecer os termos em que a informa\u00e7\u00e3o dos utilizadores da nossa p\u00e1gina <a href=\"http:\/\/www.hotelportuense.com\">www.hotelportuense.com<\/a>, \u00e9 recolhida pelo HOTEL PORTUENSE que se torna respons\u00e1vel pelo tratamento dessa informa\u00e7\u00e3o.<\/p>\n<p>O HOTEL PORTUENSE, trata os seus dados pessoais com as finalidades de gest\u00e3o da sua rela\u00e7\u00e3o contratual com os seus clientes, bem como, e havendo consentimento informado e livre, procede ao envio de newsletters ou outro tipo de comunica\u00e7\u00f5es de marketing.<\/p>\n<p>A recolha de informa\u00e7\u00e3o que efetuamos \u00e9 conservada pelo HOTEL PORTUENSE e n\u00e3o \u00e9 comunicada a nenhuma outra entidade, salvo nas situa\u00e7\u00f5es em que tal constituir uma obriga\u00e7\u00e3o legal. Os dados pessoais recolhidos pelo HOTEL PORTUENSE s\u00e3o armazenados em bases de dados inform\u00e1ticas sendo assegurada toda a seguran\u00e7a dessa informa\u00e7\u00e3o.<\/p>\n<p>O HOTEL PORTUENSE implementou medidas t\u00e9cnicas assim como procedimentos internos de controlo que considerou necess\u00e1rios para proteger os dados pessoais contra a destrui\u00e7\u00e3o e perda, acidental ou il\u00edcita, a altera\u00e7\u00e3o, a difus\u00e3o ou o acesso n\u00e3o autorizado aos mesmos. Al\u00e9m disso, os dados pessoais que guardamos s\u00e3o tratados com a m\u00e1xima confidencialidade e s\u00e3o utilizados \u00fanica e exclusivamente para as finalidades identificadas.<\/p>\n<p>Na situa\u00e7\u00e3o de visitante do nosso website, pode n\u00e3o fornecer qualquer informa\u00e7\u00e3o pessoal. Este website apenas recolhe informa\u00e7\u00e3o pessoal identific\u00e1vel se desejar entrar em contacto connosco devendo, nesse caso, preencher um formul\u00e1rio de consentimento.<\/p>\n<p>No decurso da nossa atividade n\u00e3o recolhemos qualquer informa\u00e7\u00e3o relativa a alguma categoria especial de dados nomeadamente relacionados com ra\u00e7a ou origem \u00e9tnica, cren\u00e7as religiosas, registo criminal, sa\u00fade mental ou f\u00edsica, ou orienta\u00e7\u00e3o sexual.<\/p>\n<p>Toda e qualquer informa\u00e7\u00e3o recolhida nos termos do RGPD ir\u00e1 ser processada pelo <a href=\"http:\/\/www.hotelportuense.com\">www.hotelportuense.com<\/a> para os fins acima designados e ser\u00e1 guardada por um per\u00edodo correspondente ao prazo de exist\u00eancia legal da empresa, ou at\u00e9 ser recebida, da sua parte, uma comunica\u00e7\u00e3o a informar o exerc\u00edcio do seu direito ao esquecimento.<\/p>\n<p>A qualquer momento pode exercer quaisquer dos direitos consagrados no Regulamento Geral de Prote\u00e7\u00e3o de Dados, para al\u00e9m do direito ao esquecimento, nomeadamente o direito de informa\u00e7\u00e3o, de acesso, de retifica\u00e7\u00e3o, de limita\u00e7\u00e3o do tratamento, de notifica\u00e7\u00e3o, de portabilidade, de oposi\u00e7\u00e3o e todos aqueles que resultam dos princ\u00edpios que informam o regulamento ou seja os princ\u00edpios da livre circula\u00e7\u00e3o dos dados, da licitude, lealdade e transpar\u00eancia, do prop\u00f3sito limitado, da minimiza\u00e7\u00e3o, da precis\u00e3o, do limite \u00e0 reten\u00e7\u00e3o, da seguran\u00e7a dos dados e da responsabilidade.<\/p>\n<p>Todos estes direitos podem por si ser exercidos atrav\u00e9s de uma comunica\u00e7\u00e3o via o nosso website ou atrav\u00e9s de correspond\u00eancia endere\u00e7ada ao <a href=\"http:\/\/www.hotelportuense.com\">www.hotelportuense.com<\/a>.<\/p>\n<p>O <a href=\"http:\/\/www.hotelportuense.com\">www.hotelportuense.com<\/a> preocupa-se com os termos em que \u00e9 definida a sua seguran\u00e7a de informa\u00e7\u00e3o, nesse sentido dot\u00e1mo-nos de medidas t\u00e9cnicas que acreditamos s\u00e3o suficientes para garantir uma seguran\u00e7a operacional relacionada com a informa\u00e7\u00e3o que recebemos.<\/p>\n<p>O <a href=\"http:\/\/www.hotelportuense.com\">www.hotelportuense.com<\/a> sempre que entenda necess\u00e1rio, pode modificar ou retificar esta Declara\u00e7\u00e3o de Privacidade. Por esse facto aconselhamo-lo a rever periodicamente esta declara\u00e7\u00e3o por forma a manter-se atualizado na forma como protegemos aos seus dados pessoais.<\/p>\n<p>O <a href=\"http:\/\/www.hotelportuense.com\">www.hotelportuense.com<\/a> poder\u00e1 utilizar cookies com o objetivo de ajudar a determinar a utilidade, interesse e o n\u00famero de utiliza\u00e7\u00f5es do seu website. Os cookies s\u00e3o pequenos etiquetas de software, ficheiros de texto reduzidos, que s\u00e3o armazenadas nos computadores atrav\u00e9s do navegador, browser, retendo apenas informa\u00e7\u00e3o relacionada com as suas prefer\u00eancias, n\u00e3o incluindo dados pessoais.<\/p>\n<p>Os cookies visam antes de mais, permitir uma navega\u00e7\u00e3o mais r\u00e1pida, eliminando a necessidade de introduzir repetidamente as mesmas informa\u00e7\u00f5es.<\/p>\n<p>O uso de cookies \u00e9 pr\u00e1tica normal dos sites na internet e a maioria dos navegadores permite ao utilizador aceitar, recusar ou apagar cookies.<\/p>\n<p>Informa\u00e7\u00e3o adicional sobre o uso de cookies e outras tecnologias de monitoriza\u00e7\u00e3o bem como o seu controle pelos nossos utilizadores poder\u00e1 ser consultada na nossa Pol\u00edtica de Cookies.<\/p>\n","protected":false},"excerpt":{"rendered":"<p>O HOTEL PORTUENSE \u00a0assume como compromisso interno a defesa da privacidade e da seguran\u00e7a da informa\u00e7\u00e3o quer no processamento quer na manuten\u00e7\u00e3o dos dados pessoais a seu cargo, respeitando a legisla\u00e7\u00e3o em vigor nomeadamente o Regulamento Geral de Prote\u00e7\u00e3o de Dados assim como a legisla\u00e7\u00e3o nacional e comunit\u00e1ria vigente. A presente Declara\u00e7\u00e3o de Privacidade visa [&hellip;]<\/p>\n","protected":false},"author":63,"featured_media":0,"parent":0,"menu_order":377,"comment_status":"closed","ping_status":"closed","template":"","meta":{"footnotes":""},"class_list":["post-611","page","type-page","status-publish","hentry"],"yoast_head":"<!-- This site is optimized with the Yoast SEO plugin v26.9 - https:\/\/yoast.com\/product\/yoast-seo-wordpress\/ -->\n<title>Privacy - Hotel Portuense<\/title>\n<meta name=\"robots\" content=\"index, follow, max-snippet:-1, max-image-preview:large, max-video-preview:-1\" \/>\n<link rel=\"canonical\" href=\"https:\/\/www.hotelportuense.com\/it\/privacy\/\" \/>\n<meta property=\"og:locale\" content=\"it_IT\" \/>\n<meta property=\"og:type\" content=\"article\" \/>\n<meta property=\"og:title\" content=\"Privacy - Hotel Portuense\" \/>\n<meta property=\"og:description\" content=\"O HOTEL PORTUENSE \u00a0assume como compromisso interno a defesa da privacidade e da seguran\u00e7a da informa\u00e7\u00e3o quer no processamento quer na manuten\u00e7\u00e3o dos dados pessoais a seu cargo, respeitando a legisla\u00e7\u00e3o em vigor nomeadamente o Regulamento Geral de Prote\u00e7\u00e3o de Dados assim como a legisla\u00e7\u00e3o nacional e comunit\u00e1ria vigente. A presente Declara\u00e7\u00e3o de Privacidade visa [&hellip;]\" \/>\n<meta property=\"og:url\" content=\"https:\/\/www.hotelportuense.com\/it\/privacy\/\" \/>\n<meta property=\"og:site_name\" content=\"Hotel Portuense\" \/>\n<meta property=\"article:modified_time\" content=\"2020-01-21T13:57:06+00:00\" \/>\n<meta name=\"twitter:card\" content=\"summary_large_image\" \/>\n<meta name=\"twitter:label1\" content=\"Tempo di lettura stimato\" \/>\n\t<meta name=\"twitter:data1\" content=\"4 minuti\" \/>\n<script type=\"application\/ld+json\" class=\"yoast-schema-graph\">{\"@context\":\"https:\/\/schema.org\",\"@graph\":[{\"@type\":\"WebPage\",\"@id\":\"https:\/\/www.hotelportuense.com\/it\/privacy\/\",\"url\":\"https:\/\/www.hotelportuense.com\/it\/privacy\/\",\"name\":\"Privacy - Hotel Portuense\",\"isPartOf\":{\"@id\":\"https:\/\/www.hotelportuense.com\/it\/#website\"},\"datePublished\":\"2020-01-15T17:19:55+00:00\",\"dateModified\":\"2020-01-21T13:57:06+00:00\",\"breadcrumb\":{\"@id\":\"https:\/\/www.hotelportuense.com\/it\/privacy\/#breadcrumb\"},\"inLanguage\":\"it-IT\",\"potentialAction\":[{\"@type\":\"ReadAction\",\"target\":[\"https:\/\/www.hotelportuense.com\/it\/privacy\/\"]}]},{\"@type\":\"BreadcrumbList\",\"@id\":\"https:\/\/www.hotelportuense.com\/it\/privacy\/#breadcrumb\",\"itemListElement\":[{\"@type\":\"ListItem\",\"position\":1,\"name\":\"Home\",\"item\":\"https:\/\/www.hotelportuense.com\/it\/\"},{\"@type\":\"ListItem\",\"position\":2,\"name\":\"Privacy\"}]},{\"@type\":\"WebSite\",\"@id\":\"https:\/\/www.hotelportuense.com\/it\/#website\",\"url\":\"https:\/\/www.hotelportuense.com\/it\/\",\"name\":\"Hotel Portuense\",\"description\":\"Just another ms.decms.eu site\",\"potentialAction\":[{\"@type\":\"SearchAction\",\"target\":{\"@type\":\"EntryPoint\",\"urlTemplate\":\"https:\/\/www.hotelportuense.com\/it\/?s={search_term_string}\"},\"query-input\":{\"@type\":\"PropertyValueSpecification\",\"valueRequired\":true,\"valueName\":\"search_term_string\"}}],\"inLanguage\":\"it-IT\"}]}<\/script>\n<!-- \/ Yoast SEO plugin. -->","yoast_head_json":{"title":"Privacy - Hotel Portuense","robots":{"index":"index","follow":"follow","max-snippet":"max-snippet:-1","max-image-preview":"max-image-preview:large","max-video-preview":"max-video-preview:-1"},"canonical":"https:\/\/www.hotelportuense.com\/it\/privacy\/","og_locale":"it_IT","og_type":"article","og_title":"Privacy - Hotel Portuense","og_description":"O HOTEL PORTUENSE \u00a0assume como compromisso interno a defesa da privacidade e da seguran\u00e7a da informa\u00e7\u00e3o quer no processamento quer na manuten\u00e7\u00e3o dos dados pessoais a seu cargo, respeitando a legisla\u00e7\u00e3o em vigor nomeadamente o Regulamento Geral de Prote\u00e7\u00e3o de Dados assim como a legisla\u00e7\u00e3o nacional e comunit\u00e1ria vigente. A presente Declara\u00e7\u00e3o de Privacidade visa [&hellip;]","og_url":"https:\/\/www.hotelportuense.com\/it\/privacy\/","og_site_name":"Hotel Portuense","article_modified_time":"2020-01-21T13:57:06+00:00","twitter_card":"summary_large_image","twitter_misc":{"Tempo di lettura stimato":"4 minuti"},"schema":{"@context":"https:\/\/schema.org","@graph":[{"@type":"WebPage","@id":"https:\/\/www.hotelportuense.com\/it\/privacy\/","url":"https:\/\/www.hotelportuense.com\/it\/privacy\/","name":"Privacy - Hotel Portuense","isPartOf":{"@id":"https:\/\/www.hotelportuense.com\/it\/#website"},"datePublished":"2020-01-15T17:19:55+00:00","dateModified":"2020-01-21T13:57:06+00:00","breadcrumb":{"@id":"https:\/\/www.hotelportuense.com\/it\/privacy\/#breadcrumb"},"inLanguage":"it-IT","potentialAction":[{"@type":"ReadAction","target":["https:\/\/www.hotelportuense.com\/it\/privacy\/"]}]},{"@type":"BreadcrumbList","@id":"https:\/\/www.hotelportuense.com\/it\/privacy\/#breadcrumb","itemListElement":[{"@type":"ListItem","position":1,"name":"Home","item":"https:\/\/www.hotelportuense.com\/it\/"},{"@type":"ListItem","position":2,"name":"Privacy"}]},{"@type":"WebSite","@id":"https:\/\/www.hotelportuense.com\/it\/#website","url":"https:\/\/www.hotelportuense.com\/it\/","name":"Hotel Portuense","description":"Just another ms.decms.eu site","potentialAction":[{"@type":"SearchAction","target":{"@type":"EntryPoint","urlTemplate":"https:\/\/www.hotelportuense.com\/it\/?s={search_term_string}"},"query-input":{"@type":"PropertyValueSpecification","valueRequired":true,"valueName":"search_term_string"}}],"inLanguage":"it-IT"}]}},"acf":[],"_links":{"self":[{"href":"https:\/\/www.hotelportuense.com\/it\/wp-json\/wp\/v2\/pages\/611","targetHints":{"allow":["GET"]}}],"collection":[{"href":"https:\/\/www.hotelportuense.com\/it\/wp-json\/wp\/v2\/pages"}],"about":[{"href":"https:\/\/www.hotelportuense.com\/it\/wp-json\/wp\/v2\/types\/page"}],"author":[{"embeddable":true,"href":"https:\/\/www.hotelportuense.com\/it\/wp-json\/wp\/v2\/users\/63"}],"replies":[{"embeddable":true,"href":"https:\/\/www.hotelportuense.com\/it\/wp-json\/wp\/v2\/comments?post=611"}],"version-history":[{"count":0,"href":"https:\/\/www.hotelportuense.com\/it\/wp-json\/wp\/v2\/pages\/611\/revisions"}],"wp:attachment":[{"href":"https:\/\/www.hotelportuense.com\/it\/wp-json\/wp\/v2\/media?parent=611"}],"curies":[{"name":"wp","href":"https:\/\/api.w.org\/{rel}","templated":true}]}}